{"id":60856,"date":"2021-08-24T13:39:11","date_gmt":"2021-08-24T13:39:11","guid":{"rendered":"https:\/\/lantier.solutions\/services\/"},"modified":"2023-01-12T09:28:14","modified_gmt":"2023-01-12T09:28:14","slug":"services","status":"publish","type":"page","link":"https:\/\/lantier.solutions\/de\/services\/","title":{"rendered":"Dienstleistungen"},"content":{"rendered":"<section class=\"wpb-content-wrapper\"><p>[vc_row][vc_column][vc_empty_space height=&#8220;60px&#8220;][\/vc_column][\/vc_row][vc_row][vc_column width=&#8220;1\/2&#8243;][vc_column_text]<\/p>\n<h1><b>Lantier:<\/b><br \/>\n<span style=\"font-weight: 400;\">l\u00f6sungen,<br \/>\ntechnologie<br \/>\nund service<\/span><\/h1>\n<p>[\/vc_column_text][vc_column_text]Bei <strong>Lantier<\/strong> glauben Wir, dass Service und Kundendienst bedeutet, da zu sein, wenn unsere Kunden es brauchen, sie zu beraten und sie bei ihrer Entscheidungsfindung \u00fcber die beste technologische L\u00f6sung f\u00fcr ihre Papiermaschine mit innovativen L\u00f6sungen zu begleiten.<\/p>\n<p>Dank <strong>Lantier<\/strong> Solutions und Erfahrung verstehen wir die Bed\u00fcrfnisse jedes Kunden und bieten die geeigneten L\u00f6sungen, die es erm\u00f6glichen, die von jeder Papiermaschine jedes Kunden geforderten Ziele zu erreichen.<\/p>\n<p>Technologie, Innovation, Produktionskapazit\u00e4t und sogar kundenspezifische Schaberklingen sind die anerkannten S\u00e4ulen des Services, den <strong>Lantier<\/strong> dem Markt anbietet.[\/vc_column_text][vc_empty_space height=&#8220;60px&#8220;][\/vc_column][vc_column width=&#8220;1\/2&#8243;][vc_single_image image=&#8220;60746&#8243; img_size=&#8220;full&#8220;][vc_column_text]<\/p>\n<h3><span style=\"font-weight: 400;\">Our Service Engineers offer local technical support for<\/span> Lantier <span style=\"font-weight: 400;\">Equipments and for any other manufacturer.<\/span><\/h3>\n<p>[\/vc_column_text][vc_empty_space height=&#8220;60px&#8220;][\/vc_column][\/vc_row][vc_row][vc_column width=&#8220;1\/2&#8243; offset=&#8220;vc_col-xs-6&#8243;][vc_row_inner][vc_column_inner width=&#8220;1\/6&#8243;][vc_single_image image=&#8220;59913&#8243; img_size=&#8220;full&#8220;][\/vc_column_inner][vc_column_inner width=&#8220;5\/6&#8243;][vc_column_text]<strong style=\"color: #006bb5;\">Installations-, Einstellungs-<\/strong><br \/>\n<strong style=\"color: #006bb5;\">und Inbetriebnahmeservice<\/strong>[\/vc_column_text][\/vc_column_inner][\/vc_row_inner][vc_row_inner][vc_column_inner width=&#8220;1\/6&#8243;][vc_single_image image=&#8220;59915&#8243; img_size=&#8220;full&#8220;][\/vc_column_inner][vc_column_inner width=&#8220;5\/6&#8243;][vc_column_text]<strong style=\"color: #006bb5;\"> Schwingungsmessung und<br \/>\nBeratung durch<br \/>\nLantier-Experten <\/strong>[\/vc_column_text][\/vc_column_inner][\/vc_row_inner][vc_row_inner][vc_column_inner width=&#8220;1\/6&#8243;][vc_single_image image=&#8220;59917&#8243; img_size=&#8220;full&#8220;][\/vc_column_inner][vc_column_inner width=&#8220;5\/6&#8243;][vc_column_text]<strong style=\"color: #006bb5;\">V\u00f6llig neue oder Umbau <\/strong><br \/>\n<strong style=\"color: #006bb5;\">bestehender Ausr\u00fcstungen<\/strong>[\/vc_column_text][\/vc_column_inner][\/vc_row_inner][vc_row_inner][vc_column_inner width=&#8220;1\/6&#8243;][vc_single_image image=&#8220;59919&#8243; img_size=&#8220;full&#8220;][\/vc_column_inner][vc_column_inner width=&#8220;5\/6&#8243;][vc_column_text]<strong style=\"color: #006bb5;\">Massaufnahme<\/strong><br \/>\n<strong style=\"color: #006bb5;\">Service<\/strong>[\/vc_column_text][\/vc_column_inner][\/vc_row_inner][\/vc_column][vc_column width=&#8220;1\/2&#8243; offset=&#8220;vc_col-xs-6&#8243;][vc_row_inner][vc_column_inner width=&#8220;1\/6&#8243;][vc_single_image image=&#8220;59921&#8243; img_size=&#8220;full&#8220;][\/vc_column_inner][vc_column_inner width=&#8220;5\/6&#8243;][vc_column_text]<strong style=\"color: #006bb5;\">Lantier Maintenance Service <\/strong><br \/>\n<strong style=\"color: #006bb5;\">f\u00fcr Ausr\u00fcstungen anderer Hersteller<\/strong>[\/vc_column_text][\/vc_column_inner][\/vc_row_inner][vc_row_inner][vc_column_inner width=&#8220;1\/6&#8243;][vc_single_image image=&#8220;59923&#8243; img_size=&#8220;full&#8220;][\/vc_column_inner][vc_column_inner width=&#8220;5\/6&#8243;][vc_column_text]<strong style=\"color: #006bb5;\">Technische <\/strong><br \/>\n<strong style=\"color: #006bb5;\">Beratung<\/strong>[\/vc_column_text][\/vc_column_inner][\/vc_row_inner][vc_row_inner][vc_column_inner width=&#8220;1\/6&#8243;][vc_single_image image=&#8220;59925&#8243; img_size=&#8220;full&#8220;][\/vc_column_inner][vc_column_inner width=&#8220;5\/6&#8243;][vc_column_text]<strong style=\"color: #006bb5;\">Maschinen-Audit \/ <\/strong><br \/>\n<strong style=\"color: #006bb5;\">Check<\/strong>[\/vc_column_text][\/vc_column_inner][\/vc_row_inner][vc_row_inner][vc_column_inner width=&#8220;1\/6&#8243;][vc_single_image image=&#8220;59927&#8243; img_size=&#8220;full&#8220;][\/vc_column_inner][vc_column_inner width=&#8220;5\/6&#8243;][vc_column_text]<strong style=\"color: #006bb5;\">Klingen<\/strong><strong style=\"color: #006bb5;\">service<\/strong>[\/vc_column_text][\/vc_column_inner][\/vc_row_inner][\/vc_column][\/vc_row][vc_row][vc_column][vc_empty_space height=&#8220;60px&#8220;][vc_separator color=&#8220;black&#8220;][vc_empty_space height=&#8220;60px&#8220;][\/vc_column][\/vc_row][vc_row][vc_column][vc_empty_space height=&#8220;60px&#8220;][vc_column_text]<\/p>\n<h2 style=\"font-weight: 400;\"><b>Klingen<\/b>service<\/h2>\n<p>[\/vc_column_text][vc_empty_space height=&#8220;60px&#8220;][\/vc_column][\/vc_row][vc_row][vc_column width=&#8220;1\/4&#8243;][vc_column_text]<\/p>\n<h3 style=\"font-weight: 400; color: #006bb5; font-family: 'Nunito Sans';\">Lantier<br \/>\n<b>Home<\/b> Service<\/h3>\n<p>[\/vc_column_text][vc_column_text]Unsere Experten unterst\u00fctzen Sie auf telematischem Wege und beraten Sie zu den am besten zu verwendenden Klingen und den richtigen Winkel- und Druckeinstellungen.<\/p>\n<p>Dies hilft Ihnen, die Effizienz Ihrer Papiermaschine zu optimieren.<\/p>\n<p>Sie k\u00f6nnen uns auch Ihre gebrauchten Klingen zur Verschlei\u00dfanalyse in der <strong>Lantier<\/strong>-Labors schicken und wir erstellen einen detaillierten Bericht f\u00fcr Sie.[\/vc_column_text][vc_column_text css=&#8220;.vc_custom_1635522223862{padding-right: 10px !important;padding-left: 10px !important;}&#8220;]<\/p>\n<div style=\"background: #cccccc; padding: 10px;\">\n<h6>Vorteile<\/h6>\n<ul>\n<li>Sofortige Unterst\u00fctzung auf der ganzen Welt.<\/li>\n<li>Telematische Expertenunterst\u00fctzung.<\/li>\n<li>Verschlei\u00dfanalyse.<\/li>\n<\/ul>\n<\/div>\n<p>[\/vc_column_text][\/vc_column][vc_column width=&#8220;1\/4&#8243;][vc_column_text]<\/p>\n<h3 style=\"font-weight: 400; color: #006bb5; font-family: 'Nunito Sans';\">Lantier<br \/>\n<b>Onsite<\/b> Service<\/h3>\n<p>[\/vc_column_text][vc_column_text]<\/p>\n<div class=\"page\" title=\"Page 56\">\n<div class=\"layoutArea\">\n<div class=\"column\">\n<p>Zus\u00e4tzlich zum <strong>Home<\/strong>-Service unterst\u00fctzen unsere Experten Sie im <strong>Onsite<\/strong> Service vor Ort bei der \u00dcberpr\u00fcfung jeder Klingenposition und f\u00fchren ein Klingenaudit durch, bei dem mehrere Daten erfasst werden. All diese Informationen werden in einem sehr vollst\u00e4ndigen Bericht analysiert.<\/p>\n<p>Basierend auf diesem Bericht werden wir einen Aktionsplan vorschlagen, um die Klingeneffizienz mit innovativen L\u00f6sungen zu steigern.<\/p>\n<p>Der vorgeschlagene Aktionsplan kann von Ihnen umgesetzt werden, oder Sie lassen sich von den <strong>Lantier<\/strong>-Au\u00dfendienstteams mit unserem Wissen \u00fcber Schabersysteme unterst\u00fctzen.<\/p>\n<\/div>\n<\/div>\n<\/div>\n<p>[\/vc_column_text][vc_column_text css=&#8220;.vc_custom_1635522439290{padding-right: 10px !important;padding-left: 10px !important;}&#8220;]<\/p>\n<div style=\"background: #cccccc; padding: 10px;\">\n<h6>Vorteile<\/h6>\n<ul>\n<li>Unterst\u00fctzung von Experten vor Ort.<\/li>\n<li>Beaschaberungspr\u00fcfung.<\/li>\n<li>Verschlei\u00dfanalyse.<\/li>\n<li>Umsetzung des Aktionsplans.<\/li>\n<\/ul>\n<\/div>\n<p>[\/vc_column_text][\/vc_column][vc_column width=&#8220;1\/4&#8243;][vc_column_text]<\/p>\n<h3 style=\"font-weight: 400; color: #006bb5; font-family: 'Nunito Sans';\">Lantier<br \/>\n<b>Onsite Plus<\/b> Service<\/h3>\n<p>[\/vc_column_text][vc_column_text]<\/p>\n<div class=\"page\" title=\"Page 57\">\n<div class=\"layoutArea\">\n<div class=\"column\">\n<p>Zus\u00e4tzlich zum <strong>Vor-Ort-Service<\/strong> werden unsere Experten beim <strong>Onsite Plus-Service<\/strong> regelm\u00e4\u00dfig vor Ort sein, um jede Klingenposition zu \u00fcberpr\u00fcfen und den Aktionsplan zur Verbesserung der Schabereffizienz umzusetzen.<\/p>\n<p>Schaberklingen-Experten von <strong>Lantier<\/strong> k\u00fcmmern sich gemeinsam mit Ihnen um die \u00dcberwachung des Klingenbrauchs und die R\u00fcckverfolgbarkeit, um m\u00f6gliche Lagerbr\u00fcche zu vermeiden.<\/p>\n<\/div>\n<\/div>\n<\/div>\n<p>[\/vc_column_text][vc_column_text css=&#8220;.vc_custom_1635522331366{padding-right: 10px !important;padding-left: 10px !important;}&#8220;]<\/p>\n<div style=\"background: #cccccc; padding: 10px;\">\n<h6>Vorteile<\/h6>\n<ul>\n<li>Unterst\u00fctzung von Experten vor Ort.<\/li>\n<li>Beaschaberungspr\u00fcfung.<\/li>\n<li>Verschlei\u00dfanalyse.<\/li>\n<li>Umsetzung des Aktionsplans.<\/li>\n<li>R\u00fcckverfolgbarkeit des Klingenverbrauchs.<\/li>\n<li>Unterst\u00fctzung der Lagerungsorganisation.<\/li>\n<\/ul>\n<\/div>\n<p>[\/vc_column_text][\/vc_column][vc_column width=&#8220;1\/4&#8243;][vc_column_text]<\/p>\n<h3 style=\"font-weight: 400; color: #006bb5; font-family: 'Nunito Sans';\">Lantier<br \/>\n<b>Onsite Full-Service<\/b><\/h3>\n<p>[\/vc_column_text][vc_column_text]<\/p>\n<div class=\"page\" title=\"Page 57\">\n<div class=\"layoutArea\">\n<div class=\"column\">\n<div class=\"page\" title=\"Page 57\">\n<div class=\"layoutArea\">\n<div class=\"column\">\n<p>Zus\u00e4tzlich zum <strong>Onsite Plus-Service<\/strong> sind unsere Experten im <strong>Onsite Full-Service<\/strong> vor Ort, um regelm\u00e4\u00dfig jede Klingenposition zu \u00fcberpr\u00fcfen, Audits durchzuf\u00fchren und st\u00e4ndig innovative L\u00f6sungen vorzuschlagen und umzusetzen, um die h\u00f6chste Schabereffizienz zu gew\u00e4hrleisten.<\/p>\n<p>Schaberklingen-Experten von <strong>Lantier<\/strong> \u00fcberwachen den Klingenverbrauch und die R\u00fcckverfolgbarkeit, um einen kontinuierlichen Vorrat an Klingen in der Papierfabrik zu gew\u00e4hrleisten.<\/p>\n<\/div>\n<\/div>\n<\/div>\n<\/div>\n<\/div>\n<\/div>\n<p>[\/vc_column_text][vc_column_text css=&#8220;.vc_custom_1635522385479{padding-right: 10px !important;padding-left: 10px !important;}&#8220;]<\/p>\n<div style=\"background: #cccccc; padding: 10px;\">\n<h6>Vorteile<\/h6>\n<ul>\n<li>Unterst\u00fctzung von Experten vor Ort.<\/li>\n<li>Beaschaberungspr\u00fcfung.<\/li>\n<li>Verschlei\u00dfanalyse.<\/li>\n<li>Umsetzung des Aktionsplans.<\/li>\n<li>Klingenbestandskontrolle und R\u00fcckverfolgbarkeit.<\/li>\n<li>Mindestbestand in der Papierfabrik.<\/li>\n<li>Klingeneinsatzmanagement in der Papierfabrik.<\/li>\n<li>Neueste Technologien in Schaberklingen.<\/li>\n<\/ul>\n<\/div>\n<p>[\/vc_column_text][\/vc_column][\/vc_row][vc_row][vc_column][vc_empty_space height=&#8220;60px&#8220;][\/vc_column][\/vc_row]<\/p>\n<\/section>","protected":false},"excerpt":{"rendered":"<p>[vc_row][vc_column][vc_empty_space height=&#8220;60px&#8220;][\/vc_column][\/vc_row][vc_row][vc_column width=&#8220;1\/2&#8243;][vc_column_text] Lantier: l\u00f6sungen, technologie und service [\/vc_column_text][vc_column_text]Bei Lantier glauben Wir, dass Service und Kundendienst bedeutet, da zu sein, wenn unsere Kunden es brauchen, sie zu beraten und sie bei ihrer Entscheidungsfindung \u00fcber die beste technologische L\u00f6sung f\u00fcr ihre Papiermaschine mit innovativen L\u00f6sungen zu begleiten. Dank Lantier Solutions und Erfahrung verstehen wir die Bed\u00fcrfnisse&hellip;<\/p>\n","protected":false},"author":3,"featured_media":0,"parent":0,"menu_order":221,"comment_status":"closed","ping_status":"closed","template":"","meta":{"footnotes":""},"class_list":["post-60856","page","type-page","status-publish","hentry","description-off"],"yoast_head":"<!-- This site is optimized with the Yoast SEO plugin v24.9 - https:\/\/yoast.com\/wordpress\/plugins\/seo\/ -->\n<title>Dienstleistungen - Lantier<\/title>\n<meta name=\"robots\" content=\"index, follow, max-snippet:-1, max-image-preview:large, max-video-preview:-1\" \/>\n<link rel=\"canonical\" href=\"https:\/\/lantier.solutions\/de\/services\/\" \/>\n<meta property=\"og:locale\" content=\"de_DE\" \/>\n<meta property=\"og:type\" content=\"article\" \/>\n<meta property=\"og:title\" content=\"Dienstleistungen - Lantier\" \/>\n<meta property=\"og:description\" content=\"[vc_row][vc_column][vc_empty_space height=&#8220;60px&#8220;][\/vc_column][\/vc_row][vc_row][vc_column width=&#8220;1\/2&#8243;][vc_column_text] Lantier: l\u00f6sungen, technologie und service [\/vc_column_text][vc_column_text]Bei Lantier glauben Wir, dass Service und Kundendienst bedeutet, da zu sein, wenn unsere Kunden es brauchen, sie zu beraten und sie bei ihrer Entscheidungsfindung \u00fcber die beste technologische L\u00f6sung f\u00fcr ihre Papiermaschine mit innovativen L\u00f6sungen zu begleiten. Dank Lantier Solutions und Erfahrung verstehen wir die Bed\u00fcrfnisse&hellip;\" \/>\n<meta property=\"og:url\" content=\"https:\/\/lantier.solutions\/de\/services\/\" \/>\n<meta property=\"og:site_name\" content=\"Lantier\" \/>\n<meta property=\"article:modified_time\" content=\"2023-01-12T09:28:14+00:00\" \/>\n<meta name=\"twitter:card\" content=\"summary_large_image\" \/>\n<meta name=\"twitter:label1\" content=\"Gesch\u00e4tzte Lesezeit\" \/>\n\t<meta name=\"twitter:data1\" content=\"3\u00a0Minuten\" \/>\n<script type=\"application\/ld+json\" class=\"yoast-schema-graph\">{\"@context\":\"https:\/\/schema.org\",\"@graph\":[{\"@type\":\"WebPage\",\"@id\":\"https:\/\/lantier.solutions\/de\/services\/\",\"url\":\"https:\/\/lantier.solutions\/de\/services\/\",\"name\":\"Dienstleistungen - Lantier\",\"isPartOf\":{\"@id\":\"https:\/\/lantier.solutions\/#website\"},\"datePublished\":\"2021-08-24T13:39:11+00:00\",\"dateModified\":\"2023-01-12T09:28:14+00:00\",\"breadcrumb\":{\"@id\":\"https:\/\/lantier.solutions\/de\/services\/#breadcrumb\"},\"inLanguage\":\"de\",\"potentialAction\":[{\"@type\":\"ReadAction\",\"target\":[\"https:\/\/lantier.solutions\/de\/services\/\"]}]},{\"@type\":\"BreadcrumbList\",\"@id\":\"https:\/\/lantier.solutions\/de\/services\/#breadcrumb\",\"itemListElement\":[{\"@type\":\"ListItem\",\"position\":1,\"name\":\"Home\",\"item\":\"https:\/\/lantier.solutions\/de\/\"},{\"@type\":\"ListItem\",\"position\":2,\"name\":\"Dienstleistungen\"}]},{\"@type\":\"WebSite\",\"@id\":\"https:\/\/lantier.solutions\/#website\",\"url\":\"https:\/\/lantier.solutions\/\",\"name\":\"Lantier\",\"description\":\"\",\"potentialAction\":[{\"@type\":\"SearchAction\",\"target\":{\"@type\":\"EntryPoint\",\"urlTemplate\":\"https:\/\/lantier.solutions\/?s={search_term_string}\"},\"query-input\":{\"@type\":\"PropertyValueSpecification\",\"valueRequired\":true,\"valueName\":\"search_term_string\"}}],\"inLanguage\":\"de\"}]}<\/script>\n<!-- \/ Yoast SEO plugin. -->","yoast_head_json":{"title":"Dienstleistungen - Lantier","robots":{"index":"index","follow":"follow","max-snippet":"max-snippet:-1","max-image-preview":"max-image-preview:large","max-video-preview":"max-video-preview:-1"},"canonical":"https:\/\/lantier.solutions\/de\/services\/","og_locale":"de_DE","og_type":"article","og_title":"Dienstleistungen - Lantier","og_description":"[vc_row][vc_column][vc_empty_space height=&#8220;60px&#8220;][\/vc_column][\/vc_row][vc_row][vc_column width=&#8220;1\/2&#8243;][vc_column_text] Lantier: l\u00f6sungen, technologie und service [\/vc_column_text][vc_column_text]Bei Lantier glauben Wir, dass Service und Kundendienst bedeutet, da zu sein, wenn unsere Kunden es brauchen, sie zu beraten und sie bei ihrer Entscheidungsfindung \u00fcber die beste technologische L\u00f6sung f\u00fcr ihre Papiermaschine mit innovativen L\u00f6sungen zu begleiten. Dank Lantier Solutions und Erfahrung verstehen wir die Bed\u00fcrfnisse&hellip;","og_url":"https:\/\/lantier.solutions\/de\/services\/","og_site_name":"Lantier","article_modified_time":"2023-01-12T09:28:14+00:00","twitter_card":"summary_large_image","twitter_misc":{"Gesch\u00e4tzte Lesezeit":"3\u00a0Minuten"},"schema":{"@context":"https:\/\/schema.org","@graph":[{"@type":"WebPage","@id":"https:\/\/lantier.solutions\/de\/services\/","url":"https:\/\/lantier.solutions\/de\/services\/","name":"Dienstleistungen - Lantier","isPartOf":{"@id":"https:\/\/lantier.solutions\/#website"},"datePublished":"2021-08-24T13:39:11+00:00","dateModified":"2023-01-12T09:28:14+00:00","breadcrumb":{"@id":"https:\/\/lantier.solutions\/de\/services\/#breadcrumb"},"inLanguage":"de","potentialAction":[{"@type":"ReadAction","target":["https:\/\/lantier.solutions\/de\/services\/"]}]},{"@type":"BreadcrumbList","@id":"https:\/\/lantier.solutions\/de\/services\/#breadcrumb","itemListElement":[{"@type":"ListItem","position":1,"name":"Home","item":"https:\/\/lantier.solutions\/de\/"},{"@type":"ListItem","position":2,"name":"Dienstleistungen"}]},{"@type":"WebSite","@id":"https:\/\/lantier.solutions\/#website","url":"https:\/\/lantier.solutions\/","name":"Lantier","description":"","potentialAction":[{"@type":"SearchAction","target":{"@type":"EntryPoint","urlTemplate":"https:\/\/lantier.solutions\/?s={search_term_string}"},"query-input":{"@type":"PropertyValueSpecification","valueRequired":true,"valueName":"search_term_string"}}],"inLanguage":"de"}]}},"_links":{"self":[{"href":"https:\/\/lantier.solutions\/de\/wp-json\/wp\/v2\/pages\/60856","targetHints":{"allow":["GET"]}}],"collection":[{"href":"https:\/\/lantier.solutions\/de\/wp-json\/wp\/v2\/pages"}],"about":[{"href":"https:\/\/lantier.solutions\/de\/wp-json\/wp\/v2\/types\/page"}],"author":[{"embeddable":true,"href":"https:\/\/lantier.solutions\/de\/wp-json\/wp\/v2\/users\/3"}],"replies":[{"embeddable":true,"href":"https:\/\/lantier.solutions\/de\/wp-json\/wp\/v2\/comments?post=60856"}],"version-history":[{"count":8,"href":"https:\/\/lantier.solutions\/de\/wp-json\/wp\/v2\/pages\/60856\/revisions"}],"predecessor-version":[{"id":61460,"href":"https:\/\/lantier.solutions\/de\/wp-json\/wp\/v2\/pages\/60856\/revisions\/61460"}],"wp:attachment":[{"href":"https:\/\/lantier.solutions\/de\/wp-json\/wp\/v2\/media?parent=60856"}],"curies":[{"name":"wp","href":"https:\/\/api.w.org\/{rel}","templated":true}]}}