{"id":60934,"date":"2021-08-16T15:34:58","date_gmt":"2021-08-16T15:34:58","guid":{"rendered":"https:\/\/lantier.solutions\/join-our-team\/"},"modified":"2023-02-13T08:13:07","modified_gmt":"2023-02-13T08:13:07","slug":"join-our-team","status":"publish","type":"page","link":"https:\/\/lantier.solutions\/de\/join-our-team\/","title":{"rendered":"Trete unserem Team bei"},"content":{"rendered":"<section class=\"wpb-content-wrapper\"><p>[vc_row css=&#8220;.vc_custom_1632154100089{margin-top: 20px !important;margin-bottom: 60px !important;}&#8220;][vc_column width=&#8220;1\/4&#8243;][vc_empty_space height=&#8220;60px&#8220;][vc_column_text]<\/p>\n<h1><span style=\"font-weight: 400;\">Steigen Sie in die Champions League der<\/span> <b>Papierindustrie ein<\/b><\/h1>\n<p>[\/vc_column_text][\/vc_column][\/vc_row][vc_row css=&#8220;.vc_custom_1632154100089{margin-top: 20px !important;margin-bottom: 60px !important;}&#8220;][vc_column width=&#8220;3\/4&#8243;][vc_single_image image=&#8220;60112&#8243; img_size=&#8220;full&#8220;][\/vc_column][vc_column width=&#8220;1\/4&#8243;][vc_column_text]Als europ\u00e4ischer Marktf\u00fchrer bei Schaberl\u00f6sungen f\u00fcr Papier-, Karton- und Tissuemaschinen glauben wir, dass das, was wir tun, nichts weniger als das Beste auf unserem Markt ist.[\/vc_column_text][\/vc_column][\/vc_row][vc_row css=&#8220;.vc_custom_1632154100089{margin-top: 20px !important;margin-bottom: 60px !important;}&#8220;][vc_column][\/vc_column][\/vc_row][vc_row css=&#8220;.vc_custom_1632154100089{margin-top: 20px !important;margin-bottom: 60px !important;}&#8220;][vc_column width=&#8220;1\/3&#8243;][vc_column_text]<\/p>\n<h2><span style=\"font-weight: 400;\">Nichts, was wir bei<\/span> Lantier <span style=\"font-weight: 400;\">tun, w\u00e4re ohne unsere<\/span> Mitarbeiter m\u00f6glich.<\/h2>\n<p>[\/vc_column_text][vc_column_text]Unser Team ist der Eckstein unseres t\u00e4glichen Betriebs.<\/p>\n<p>Sie sind kreative Denker, die es lieben, au\u00dfergew\u00f6hnliche L\u00f6sungen zu entwickeln und umzusetzen, die Vorteile f\u00fcr Papier-, Karton- und Tissuemaschinen bieten. Und wenn Sie dem Lantier-Team beitreten, beginnen Sie nicht nur eine aufregende neue Karriere in der Papierindustrie, sondern werden auch Teil einer Familie, die Sie ermutigt, dabei kreativ, innovativ, leidenschaftlich und unterhaltsam zu sein.[\/vc_column_text][\/vc_column][vc_column width=&#8220;2\/3&#8243;][vc_single_image image=&#8220;60251&#8243; img_size=&#8220;full&#8220;][\/vc_column][\/vc_row][vc_row bg_type=&#8220;bg_color&#8220; bg_override=&#8220;ex-full&#8220; css=&#8220;.vc_custom_1634898759745{margin-top: 20px !important;margin-bottom: 60px !important;}&#8220; bg_color_value=&#8220;#cecece&#8220;][vc_column width=&#8220;1\/3&#8243;][\/vc_column][vc_column width=&#8220;1\/3&#8243;][vc_empty_space height=&#8220;60px&#8220;][vc_column_text]<\/p>\n<h2 class=\"v1MsoNormal\" style=\"text-align: center; font-weight: 400;\">M\u00f6chten Sie <strong>unserem<br \/>\nTeam beitreten<\/strong>?<\/h2>\n<p>[\/vc_column_text][vc_empty_space height=&#8220;60px&#8220;][\/vc_column][vc_column width=&#8220;1\/3&#8243;][\/vc_column][\/vc_row][vc_row css=&#8220;.vc_custom_1632154100089{margin-top: 20px !important;margin-bottom: 60px !important;}&#8220;][vc_column]<form class=\"dt-contact-form dt-form privacy-form\" method=\"post\"><input type=\"hidden\" name=\"widget_id\" value=\"presscore-contact-form-widget--1\" \/><input type=\"hidden\" name=\"send_message\" value=\"\" \/><input type=\"hidden\" name=\"security_token\" value=\"b6ff30f793bc3f219a1f\"\/><div class=\"form-fields\"><span class=\"form-name\"><label class=\"assistive-text\">Name *<\/label><input type=\"text\" class=\"validate[required]\" placeholder=\"Name *\" name=\"name\" value=\"\" aria-required=\"true\">\n<\/span><span class=\"form-mail\"><label class=\"assistive-text\">E-Mail *<\/label><input type=\"text\" class=\"validate[required,custom[email]]\" placeholder=\"E-Mail *\" name=\"email\" value=\"\" aria-required=\"true\">\n<\/span><span class=\"form-telephone\"><label class=\"assistive-text\">Telefon<\/label><input type=\"text\" placeholder=\"Telefon\" name=\"telephone\" value=\"\" aria-required=\"false\">\n<\/span><\/div><span class=\"form-message\"><label class=\"assistive-text\">Nachricht<\/label><textarea placeholder=\"Nachricht\" name=\"message\" rows=\"5\" aria-required=\"false\"><\/textarea>\n<\/span><p class=\"the7-form-terms-wrap\"><input type=\"checkbox\" id=\"the7-form-terms-3fe230348e9a12c13120749e3f9fa4cd\" name=\"terms\" class=\"validate[required] the7-form-terms\" aria-required=\"true\" \/>&nbsp;<label for=\"the7-form-terms-3fe230348e9a12c13120749e3f9fa4cd\"><span class=\"form-terms-text\">By using this form you agree with the storage and handling of your data by this website.<\/span><\/label><\/p><p><a href=\"#\" class=\"dt-btn dt-btn-m dt-btn-submit\" rel=\"nofollow\"><span>Send message<\/span><\/a><input class=\"assistive-text\" type=\"submit\" value=\"absenden\"><\/p><\/form>\n[\/vc_column][\/vc_row]<\/p>\n<\/section>","protected":false},"excerpt":{"rendered":"<p>[vc_row css=&#8220;.vc_custom_1632154100089{margin-top: 20px !important;margin-bottom: 60px !important;}&#8220;][vc_column width=&#8220;1\/4&#8243;][vc_empty_space height=&#8220;60px&#8220;][vc_column_text] Steigen Sie in die Champions League der Papierindustrie ein [\/vc_column_text][\/vc_column][\/vc_row][vc_row css=&#8220;.vc_custom_1632154100089{margin-top: 20px !important;margin-bottom: 60px !important;}&#8220;][vc_column width=&#8220;3\/4&#8243;][vc_single_image image=&#8220;60112&#8243; img_size=&#8220;full&#8220;][\/vc_column][vc_column width=&#8220;1\/4&#8243;][vc_column_text]Als europ\u00e4ischer Marktf\u00fchrer bei Schaberl\u00f6sungen f\u00fcr Papier-, Karton- und Tissuemaschinen glauben wir, dass das, was wir tun, nichts weniger als das Beste auf unserem Markt ist.[\/vc_column_text][\/vc_column][\/vc_row][vc_row css=&#8220;.vc_custom_1632154100089{margin-top: 20px !important;margin-bottom:&hellip;<\/p>\n","protected":false},"author":3,"featured_media":0,"parent":0,"menu_order":176,"comment_status":"closed","ping_status":"closed","template":"","meta":{"footnotes":""},"class_list":["post-60934","page","type-page","status-publish","hentry","description-off"],"yoast_head":"<!-- This site is optimized with the Yoast SEO plugin v24.9 - https:\/\/yoast.com\/wordpress\/plugins\/seo\/ -->\n<title>Trete unserem Team bei - Lantier<\/title>\n<meta name=\"robots\" content=\"index, follow, max-snippet:-1, max-image-preview:large, max-video-preview:-1\" \/>\n<link rel=\"canonical\" href=\"https:\/\/lantier.solutions\/de\/join-our-team\/\" \/>\n<meta property=\"og:locale\" content=\"de_DE\" \/>\n<meta property=\"og:type\" content=\"article\" \/>\n<meta property=\"og:title\" content=\"Trete unserem Team bei - Lantier\" \/>\n<meta property=\"og:description\" content=\"[vc_row css=&#8220;.vc_custom_1632154100089{margin-top: 20px !important;margin-bottom: 60px !important;}&#8220;][vc_column width=&#8220;1\/4&#8243;][vc_empty_space height=&#8220;60px&#8220;][vc_column_text] Steigen Sie in die Champions League der Papierindustrie ein [\/vc_column_text][\/vc_column][\/vc_row][vc_row css=&#8220;.vc_custom_1632154100089{margin-top: 20px !important;margin-bottom: 60px !important;}&#8220;][vc_column width=&#8220;3\/4&#8243;][vc_single_image image=&#8220;60112&#8243; img_size=&#8220;full&#8220;][\/vc_column][vc_column width=&#8220;1\/4&#8243;][vc_column_text]Als europ\u00e4ischer Marktf\u00fchrer bei Schaberl\u00f6sungen f\u00fcr Papier-, Karton- und Tissuemaschinen glauben wir, dass das, was wir tun, nichts weniger als das Beste auf unserem Markt ist.[\/vc_column_text][\/vc_column][\/vc_row][vc_row css=&#8220;.vc_custom_1632154100089{margin-top: 20px !important;margin-bottom:&hellip;\" \/>\n<meta property=\"og:url\" content=\"https:\/\/lantier.solutions\/de\/join-our-team\/\" \/>\n<meta property=\"og:site_name\" content=\"Lantier\" \/>\n<meta property=\"article:modified_time\" content=\"2023-02-13T08:13:07+00:00\" \/>\n<meta name=\"twitter:card\" content=\"summary_large_image\" \/>\n<meta name=\"twitter:label1\" content=\"Gesch\u00e4tzte Lesezeit\" \/>\n\t<meta name=\"twitter:data1\" content=\"2\u00a0Minuten\" \/>\n<script type=\"application\/ld+json\" class=\"yoast-schema-graph\">{\"@context\":\"https:\/\/schema.org\",\"@graph\":[{\"@type\":\"WebPage\",\"@id\":\"https:\/\/lantier.solutions\/de\/join-our-team\/\",\"url\":\"https:\/\/lantier.solutions\/de\/join-our-team\/\",\"name\":\"Trete unserem Team bei - Lantier\",\"isPartOf\":{\"@id\":\"https:\/\/lantier.solutions\/#website\"},\"datePublished\":\"2021-08-16T15:34:58+00:00\",\"dateModified\":\"2023-02-13T08:13:07+00:00\",\"breadcrumb\":{\"@id\":\"https:\/\/lantier.solutions\/de\/join-our-team\/#breadcrumb\"},\"inLanguage\":\"de\",\"potentialAction\":[{\"@type\":\"ReadAction\",\"target\":[\"https:\/\/lantier.solutions\/de\/join-our-team\/\"]}]},{\"@type\":\"BreadcrumbList\",\"@id\":\"https:\/\/lantier.solutions\/de\/join-our-team\/#breadcrumb\",\"itemListElement\":[{\"@type\":\"ListItem\",\"position\":1,\"name\":\"Home\",\"item\":\"https:\/\/lantier.solutions\/de\/\"},{\"@type\":\"ListItem\",\"position\":2,\"name\":\"Trete unserem Team bei\"}]},{\"@type\":\"WebSite\",\"@id\":\"https:\/\/lantier.solutions\/#website\",\"url\":\"https:\/\/lantier.solutions\/\",\"name\":\"Lantier\",\"description\":\"\",\"potentialAction\":[{\"@type\":\"SearchAction\",\"target\":{\"@type\":\"EntryPoint\",\"urlTemplate\":\"https:\/\/lantier.solutions\/?s={search_term_string}\"},\"query-input\":{\"@type\":\"PropertyValueSpecification\",\"valueRequired\":true,\"valueName\":\"search_term_string\"}}],\"inLanguage\":\"de\"}]}<\/script>\n<!-- \/ Yoast SEO plugin. -->","yoast_head_json":{"title":"Trete unserem Team bei - Lantier","robots":{"index":"index","follow":"follow","max-snippet":"max-snippet:-1","max-image-preview":"max-image-preview:large","max-video-preview":"max-video-preview:-1"},"canonical":"https:\/\/lantier.solutions\/de\/join-our-team\/","og_locale":"de_DE","og_type":"article","og_title":"Trete unserem Team bei - Lantier","og_description":"[vc_row css=&#8220;.vc_custom_1632154100089{margin-top: 20px !important;margin-bottom: 60px !important;}&#8220;][vc_column width=&#8220;1\/4&#8243;][vc_empty_space height=&#8220;60px&#8220;][vc_column_text] Steigen Sie in die Champions League der Papierindustrie ein [\/vc_column_text][\/vc_column][\/vc_row][vc_row css=&#8220;.vc_custom_1632154100089{margin-top: 20px !important;margin-bottom: 60px !important;}&#8220;][vc_column width=&#8220;3\/4&#8243;][vc_single_image image=&#8220;60112&#8243; img_size=&#8220;full&#8220;][\/vc_column][vc_column width=&#8220;1\/4&#8243;][vc_column_text]Als europ\u00e4ischer Marktf\u00fchrer bei Schaberl\u00f6sungen f\u00fcr Papier-, Karton- und Tissuemaschinen glauben wir, dass das, was wir tun, nichts weniger als das Beste auf unserem Markt ist.[\/vc_column_text][\/vc_column][\/vc_row][vc_row css=&#8220;.vc_custom_1632154100089{margin-top: 20px !important;margin-bottom:&hellip;","og_url":"https:\/\/lantier.solutions\/de\/join-our-team\/","og_site_name":"Lantier","article_modified_time":"2023-02-13T08:13:07+00:00","twitter_card":"summary_large_image","twitter_misc":{"Gesch\u00e4tzte Lesezeit":"2\u00a0Minuten"},"schema":{"@context":"https:\/\/schema.org","@graph":[{"@type":"WebPage","@id":"https:\/\/lantier.solutions\/de\/join-our-team\/","url":"https:\/\/lantier.solutions\/de\/join-our-team\/","name":"Trete unserem Team bei - Lantier","isPartOf":{"@id":"https:\/\/lantier.solutions\/#website"},"datePublished":"2021-08-16T15:34:58+00:00","dateModified":"2023-02-13T08:13:07+00:00","breadcrumb":{"@id":"https:\/\/lantier.solutions\/de\/join-our-team\/#breadcrumb"},"inLanguage":"de","potentialAction":[{"@type":"ReadAction","target":["https:\/\/lantier.solutions\/de\/join-our-team\/"]}]},{"@type":"BreadcrumbList","@id":"https:\/\/lantier.solutions\/de\/join-our-team\/#breadcrumb","itemListElement":[{"@type":"ListItem","position":1,"name":"Home","item":"https:\/\/lantier.solutions\/de\/"},{"@type":"ListItem","position":2,"name":"Trete unserem Team bei"}]},{"@type":"WebSite","@id":"https:\/\/lantier.solutions\/#website","url":"https:\/\/lantier.solutions\/","name":"Lantier","description":"","potentialAction":[{"@type":"SearchAction","target":{"@type":"EntryPoint","urlTemplate":"https:\/\/lantier.solutions\/?s={search_term_string}"},"query-input":{"@type":"PropertyValueSpecification","valueRequired":true,"valueName":"search_term_string"}}],"inLanguage":"de"}]}},"_links":{"self":[{"href":"https:\/\/lantier.solutions\/de\/wp-json\/wp\/v2\/pages\/60934","targetHints":{"allow":["GET"]}}],"collection":[{"href":"https:\/\/lantier.solutions\/de\/wp-json\/wp\/v2\/pages"}],"about":[{"href":"https:\/\/lantier.solutions\/de\/wp-json\/wp\/v2\/types\/page"}],"author":[{"embeddable":true,"href":"https:\/\/lantier.solutions\/de\/wp-json\/wp\/v2\/users\/3"}],"replies":[{"embeddable":true,"href":"https:\/\/lantier.solutions\/de\/wp-json\/wp\/v2\/comments?post=60934"}],"version-history":[{"count":5,"href":"https:\/\/lantier.solutions\/de\/wp-json\/wp\/v2\/pages\/60934\/revisions"}],"predecessor-version":[{"id":61496,"href":"https:\/\/lantier.solutions\/de\/wp-json\/wp\/v2\/pages\/60934\/revisions\/61496"}],"wp:attachment":[{"href":"https:\/\/lantier.solutions\/de\/wp-json\/wp\/v2\/media?parent=60934"}],"curies":[{"name":"wp","href":"https:\/\/api.w.org\/{rel}","templated":true}]}}