{"id":60936,"date":"2021-08-16T15:28:25","date_gmt":"2021-08-16T15:28:25","guid":{"rendered":"https:\/\/lantier.solutions\/request-for-quotation\/"},"modified":"2023-01-03T07:46:42","modified_gmt":"2023-01-03T07:46:42","slug":"angebotsanforderung","status":"publish","type":"page","link":"https:\/\/lantier.solutions\/de\/angebotsanforderung\/","title":{"rendered":"Angebotsanforderung"},"content":{"rendered":"<section class=\"wpb-content-wrapper\"><p>[vc_row css=&#8220;.vc_custom_1629127988523{margin-top: 60px !important;margin-bottom: 60px !important;}&#8220;][vc_column width=&#8220;1\/2&#8243;][vc_column_text]<\/p>\n<h1>Angebotsanforderung<br \/>\n<\/h1>\n<p>[\/vc_column_text][vc_column_text]<\/p>\n<h3 style=\"font-weight: 400;\"><strong>Schreiben Sie<\/strong> uns und<br \/>\nwir melden uns bei Ihnen<\/h3>\n<p>[\/vc_column_text][vc_column_text]Hinterlassen Sie uns Ihre pers\u00f6nlichen Daten zusammen mit einer kurzen Beschreibung dessen, was Sie ben\u00f6tigen, und wir werden uns so schnell wie m\u00f6glich mit Ihnen in Verbindung setzen.[\/vc_column_text][\/vc_column][vc_column width=&#8220;1\/2&#8243;]<form class=\"dt-contact-form dt-form privacy-form\" method=\"post\"><input type=\"hidden\" name=\"widget_id\" value=\"presscore-contact-form-widget--1\" \/><input type=\"hidden\" name=\"send_message\" value=\"\" \/><input type=\"hidden\" name=\"security_token\" value=\"b6ff30f793bc3f219a1f\"\/><div class=\"form-fields\"><span class=\"form-name\"><label class=\"assistive-text\">Name *<\/label><input type=\"text\" class=\"validate[required]\" placeholder=\"Name *\" name=\"name\" value=\"\" aria-required=\"true\">\n<\/span><span class=\"form-mail\"><label class=\"assistive-text\">E-Mail *<\/label><input type=\"text\" class=\"validate[required,custom[email]]\" placeholder=\"E-Mail *\" name=\"email\" value=\"\" aria-required=\"true\">\n<\/span><span class=\"form-telephone\"><label class=\"assistive-text\">Telefon<\/label><input type=\"text\" placeholder=\"Telefon\" name=\"telephone\" value=\"\" aria-required=\"false\">\n<\/span><\/div><span class=\"form-message\"><label class=\"assistive-text\">Nachricht<\/label><textarea placeholder=\"Nachricht\" name=\"message\" rows=\"5\" aria-required=\"false\"><\/textarea>\n<\/span><p class=\"the7-form-terms-wrap\"><input type=\"checkbox\" id=\"the7-form-terms-ac5c482277858d6fe45065d0a3f92b0c\" name=\"terms\" class=\"validate[required] the7-form-terms\" aria-required=\"true\" \/>&nbsp;<label for=\"the7-form-terms-ac5c482277858d6fe45065d0a3f92b0c\"><span class=\"form-terms-text\">By using this form you agree with the storage and handling of your data by this website.<\/span><\/label><\/p><p><a href=\"#\" class=\"dt-btn dt-btn-m dt-btn-submit\" rel=\"nofollow\"><span>Send message<\/span><\/a><input class=\"assistive-text\" type=\"submit\" value=\"absenden\"><\/p><\/form>\n[\/vc_column][\/vc_row]<\/p>\n<\/section>","protected":false},"excerpt":{"rendered":"<p>[vc_row css=&#8220;.vc_custom_1629127988523{margin-top: 60px !important;margin-bottom: 60px !important;}&#8220;][vc_column width=&#8220;1\/2&#8243;][vc_column_text] Angebotsanforderung [\/vc_column_text][vc_column_text] Schreiben Sie uns und wir melden uns bei Ihnen [\/vc_column_text][vc_column_text]Hinterlassen Sie uns Ihre pers\u00f6nlichen Daten zusammen mit einer kurzen Beschreibung dessen, was Sie ben\u00f6tigen, und wir werden uns so schnell wie m\u00f6glich mit Ihnen in Verbindung setzen.[\/vc_column_text][\/vc_column][vc_column width=&#8220;1\/2&#8243;][\/vc_column][\/vc_row]<\/p>\n","protected":false},"author":3,"featured_media":0,"parent":0,"menu_order":218,"comment_status":"closed","ping_status":"closed","template":"","meta":{"footnotes":""},"class_list":["post-60936","page","type-page","status-publish","hentry","description-off"],"yoast_head":"<!-- This site is optimized with the Yoast SEO plugin v24.9 - https:\/\/yoast.com\/wordpress\/plugins\/seo\/ -->\n<title>Angebotsanforderung - Lantier<\/title>\n<meta name=\"robots\" content=\"index, follow, max-snippet:-1, max-image-preview:large, max-video-preview:-1\" \/>\n<link rel=\"canonical\" href=\"https:\/\/lantier.solutions\/de\/angebotsanforderung\/\" \/>\n<meta property=\"og:locale\" content=\"de_DE\" \/>\n<meta property=\"og:type\" content=\"article\" \/>\n<meta property=\"og:title\" content=\"Angebotsanforderung - Lantier\" \/>\n<meta property=\"og:description\" content=\"[vc_row css=&#8220;.vc_custom_1629127988523{margin-top: 60px !important;margin-bottom: 60px !important;}&#8220;][vc_column width=&#8220;1\/2&#8243;][vc_column_text] Angebotsanforderung [\/vc_column_text][vc_column_text] Schreiben Sie uns und wir melden uns bei Ihnen [\/vc_column_text][vc_column_text]Hinterlassen Sie uns Ihre pers\u00f6nlichen Daten zusammen mit einer kurzen Beschreibung dessen, was Sie ben\u00f6tigen, und wir werden uns so schnell wie m\u00f6glich mit Ihnen in Verbindung setzen.[\/vc_column_text][\/vc_column][vc_column width=&#8220;1\/2&#8243;][\/vc_column][\/vc_row]\" \/>\n<meta property=\"og:url\" content=\"https:\/\/lantier.solutions\/de\/angebotsanforderung\/\" \/>\n<meta property=\"og:site_name\" content=\"Lantier\" \/>\n<meta property=\"article:modified_time\" content=\"2023-01-03T07:46:42+00:00\" \/>\n<meta name=\"twitter:card\" content=\"summary_large_image\" \/>\n<meta name=\"twitter:label1\" content=\"Gesch\u00e4tzte Lesezeit\" \/>\n\t<meta name=\"twitter:data1\" content=\"1\u00a0Minute\" \/>\n<script type=\"application\/ld+json\" class=\"yoast-schema-graph\">{\"@context\":\"https:\/\/schema.org\",\"@graph\":[{\"@type\":\"WebPage\",\"@id\":\"https:\/\/lantier.solutions\/de\/angebotsanforderung\/\",\"url\":\"https:\/\/lantier.solutions\/de\/angebotsanforderung\/\",\"name\":\"Angebotsanforderung - Lantier\",\"isPartOf\":{\"@id\":\"https:\/\/lantier.solutions\/#website\"},\"datePublished\":\"2021-08-16T15:28:25+00:00\",\"dateModified\":\"2023-01-03T07:46:42+00:00\",\"breadcrumb\":{\"@id\":\"https:\/\/lantier.solutions\/de\/angebotsanforderung\/#breadcrumb\"},\"inLanguage\":\"de\",\"potentialAction\":[{\"@type\":\"ReadAction\",\"target\":[\"https:\/\/lantier.solutions\/de\/angebotsanforderung\/\"]}]},{\"@type\":\"BreadcrumbList\",\"@id\":\"https:\/\/lantier.solutions\/de\/angebotsanforderung\/#breadcrumb\",\"itemListElement\":[{\"@type\":\"ListItem\",\"position\":1,\"name\":\"Home\",\"item\":\"https:\/\/lantier.solutions\/de\/\"},{\"@type\":\"ListItem\",\"position\":2,\"name\":\"Angebotsanforderung\"}]},{\"@type\":\"WebSite\",\"@id\":\"https:\/\/lantier.solutions\/#website\",\"url\":\"https:\/\/lantier.solutions\/\",\"name\":\"Lantier\",\"description\":\"\",\"potentialAction\":[{\"@type\":\"SearchAction\",\"target\":{\"@type\":\"EntryPoint\",\"urlTemplate\":\"https:\/\/lantier.solutions\/?s={search_term_string}\"},\"query-input\":{\"@type\":\"PropertyValueSpecification\",\"valueRequired\":true,\"valueName\":\"search_term_string\"}}],\"inLanguage\":\"de\"}]}<\/script>\n<!-- \/ Yoast SEO plugin. -->","yoast_head_json":{"title":"Angebotsanforderung - Lantier","robots":{"index":"index","follow":"follow","max-snippet":"max-snippet:-1","max-image-preview":"max-image-preview:large","max-video-preview":"max-video-preview:-1"},"canonical":"https:\/\/lantier.solutions\/de\/angebotsanforderung\/","og_locale":"de_DE","og_type":"article","og_title":"Angebotsanforderung - Lantier","og_description":"[vc_row css=&#8220;.vc_custom_1629127988523{margin-top: 60px !important;margin-bottom: 60px !important;}&#8220;][vc_column width=&#8220;1\/2&#8243;][vc_column_text] Angebotsanforderung [\/vc_column_text][vc_column_text] Schreiben Sie uns und wir melden uns bei Ihnen [\/vc_column_text][vc_column_text]Hinterlassen Sie uns Ihre pers\u00f6nlichen Daten zusammen mit einer kurzen Beschreibung dessen, was Sie ben\u00f6tigen, und wir werden uns so schnell wie m\u00f6glich mit Ihnen in Verbindung setzen.[\/vc_column_text][\/vc_column][vc_column width=&#8220;1\/2&#8243;][\/vc_column][\/vc_row]","og_url":"https:\/\/lantier.solutions\/de\/angebotsanforderung\/","og_site_name":"Lantier","article_modified_time":"2023-01-03T07:46:42+00:00","twitter_card":"summary_large_image","twitter_misc":{"Gesch\u00e4tzte Lesezeit":"1\u00a0Minute"},"schema":{"@context":"https:\/\/schema.org","@graph":[{"@type":"WebPage","@id":"https:\/\/lantier.solutions\/de\/angebotsanforderung\/","url":"https:\/\/lantier.solutions\/de\/angebotsanforderung\/","name":"Angebotsanforderung - Lantier","isPartOf":{"@id":"https:\/\/lantier.solutions\/#website"},"datePublished":"2021-08-16T15:28:25+00:00","dateModified":"2023-01-03T07:46:42+00:00","breadcrumb":{"@id":"https:\/\/lantier.solutions\/de\/angebotsanforderung\/#breadcrumb"},"inLanguage":"de","potentialAction":[{"@type":"ReadAction","target":["https:\/\/lantier.solutions\/de\/angebotsanforderung\/"]}]},{"@type":"BreadcrumbList","@id":"https:\/\/lantier.solutions\/de\/angebotsanforderung\/#breadcrumb","itemListElement":[{"@type":"ListItem","position":1,"name":"Home","item":"https:\/\/lantier.solutions\/de\/"},{"@type":"ListItem","position":2,"name":"Angebotsanforderung"}]},{"@type":"WebSite","@id":"https:\/\/lantier.solutions\/#website","url":"https:\/\/lantier.solutions\/","name":"Lantier","description":"","potentialAction":[{"@type":"SearchAction","target":{"@type":"EntryPoint","urlTemplate":"https:\/\/lantier.solutions\/?s={search_term_string}"},"query-input":{"@type":"PropertyValueSpecification","valueRequired":true,"valueName":"search_term_string"}}],"inLanguage":"de"}]}},"_links":{"self":[{"href":"https:\/\/lantier.solutions\/de\/wp-json\/wp\/v2\/pages\/60936","targetHints":{"allow":["GET"]}}],"collection":[{"href":"https:\/\/lantier.solutions\/de\/wp-json\/wp\/v2\/pages"}],"about":[{"href":"https:\/\/lantier.solutions\/de\/wp-json\/wp\/v2\/types\/page"}],"author":[{"embeddable":true,"href":"https:\/\/lantier.solutions\/de\/wp-json\/wp\/v2\/users\/3"}],"replies":[{"embeddable":true,"href":"https:\/\/lantier.solutions\/de\/wp-json\/wp\/v2\/comments?post=60936"}],"version-history":[{"count":5,"href":"https:\/\/lantier.solutions\/de\/wp-json\/wp\/v2\/pages\/60936\/revisions"}],"predecessor-version":[{"id":61411,"href":"https:\/\/lantier.solutions\/de\/wp-json\/wp\/v2\/pages\/60936\/revisions\/61411"}],"wp:attachment":[{"href":"https:\/\/lantier.solutions\/de\/wp-json\/wp\/v2\/media?parent=60936"}],"curies":[{"name":"wp","href":"https:\/\/api.w.org\/{rel}","templated":true}]}}