{"id":60820,"date":"2022-08-01T11:27:40","date_gmt":"2022-08-01T11:27:40","guid":{"rendered":"https:\/\/lantier.solutions\/privacy-policy\/"},"modified":"2022-08-01T11:27:40","modified_gmt":"2022-08-01T11:27:40","slug":"privacy-policy","status":"publish","type":"page","link":"https:\/\/lantier.solutions\/es\/privacy-policy\/","title":{"rendered":"Privacy policy"},"content":{"rendered":"<section>\n<div class=\"cuerpo texto\">\n<div class=\"container\">\n<div class=\"row\">\n<p>Mediante la presente Pol\u00edtica de Privacidad, LANTIER S.L. informa a los usuarios de los usos a los que se someten los datos de car\u00e1cter personal que se recaban en este sitio web, con el fin de que decidan, libre y voluntariamente, si desean facilitar la informaci\u00f3n solicitada. Los datos ser\u00e1n recogidos exclusivamente para fines determinados, expl\u00edcitos y leg\u00edtimos, y no ser\u00e1n tratados ulteriormente por parte de LANTIER S.L. de manera incompatible con dichos fines.<\/p>\n<p><strong>Esta Pol\u00edtica de Privacidad puede cambiar con el tiempo o ser actualizada por lo que le recomendamos revisar esta p\u00e1gina para asegurarse que est\u00e1 de acuerdo con dichos cambios.<\/strong><\/p>\n<p><strong>\u00bfQui\u00e9n es el responsable del tratamiento de sus datos?<\/strong><\/p>\n<p>El responsable del tratamiento de los datos personales obtenidos es LANTIER S.L. con domicilio social en Pol\u00edgono Industrial Aldaba, S\/N. Tolosa Gipuzkoa, Spain. Su direcci\u00f3n de correo electr\u00f3nico es\u00a0<a href=\"mailto:info@lantier.solutions\">info@lantier.solutions<\/a><\/p>\n<p><strong>\u00bfCon qu\u00e9 finalidad tratamos sus datos personales?<\/strong><\/p>\n<p>En LANTIER S.L. tratamos la informaci\u00f3n que nos facilitan las personas interesadas con el fin de llevar a cabo la gesti\u00f3n de posibles consultas o solicitudes de informaci\u00f3n que se realizan a trav\u00e9s de la web. Se tratar\u00e1n los datos de los interesados con la finalidad de garantizar la correcta atenci\u00f3n de las peticiones efectuadas.<\/p>\n<p>Tratamos la informaci\u00f3n que nos facilitan las personas interesadas comprometi\u00e9ndonos a tratar de forma confidencial los datos de car\u00e1cter personal facilitados.<\/p>\n<p><strong>\u00bfPor cu\u00e1nto tiempo conservaremos sus datos?<\/strong><\/p>\n<p>Los datos personales proporcionados se conservar\u00e1n mientras se mantenga la relaci\u00f3n contractual por los per\u00edodos legalmente previstos, sin perjuicio de la solicitud de supresi\u00f3n por el interesado.<\/p>\n<p>En la fecha de finalizaci\u00f3n del contrato los datos ser\u00e1n bloqueados con el fin de impedir su tratamiento excepto para su puesta a disposici\u00f3n de Administraciones P\u00fablicas y Tribunales, para la atenci\u00f3n de las posibles responsabilidades nacidas del tratamiento y solo durante el plazo de prescripci\u00f3n de dichas responsabilidades.<\/p>\n<p>LANTIER S.L. cancelar\u00e1 o rectificar\u00e1 los datos cuando resulten inexactos, incompletos o hayan dejado de ser necesarios o pertinentes para su finalidad.<\/p>\n<p><strong>\u00bfCu\u00e1l es la legitimaci\u00f3n para el tratamiento de sus datos?<\/strong><\/p>\n<p>La base legal para el tratamiento es el propio consentimiento del interesado.<\/p>\n<p>Podr\u00e1s decidir libre y voluntariamente si deseas que tratemos dicha informaci\u00f3n. Cuando precisemos obtener informaci\u00f3n por su parte, siempre le solicitaremos que nos la proporcione voluntariamente de forma expresa.<\/p>\n<p><strong>\u00bfA qu\u00e9 destinatarios se comunicar\u00e1n sus datos?<\/strong><\/p>\n<p><strong>\u00a0<\/strong>LANTIER S.L. se compromete a no ceder, vender, ni compartir los datos con terceros sin su aprobaci\u00f3n expresa, salvo obligaci\u00f3n legal.<\/p>\n<p>Nos comprometemos a guardar secreto de los datos garantizando adaptar las medidas necesarias para evitar su alteraci\u00f3n, p\u00e9rdida, tratamiento o acceso no autorizado. Tenemos implementados los m\u00e1s altos niveles de seguridad exigidos por la legislaci\u00f3n para proteger tus datos de car\u00e1cter personal.<\/p>\n<p><strong>\u00bfCu\u00e1les son tus derechos cuando nos facilitas tus datos?<\/strong><\/p>\n<p>Cualquier persona tiene derecho a obtener confirmaci\u00f3n sobre si en LANTIER S.L. estamos tratando datos personales que les conciernan, o no.<\/p>\n<p>Las personas interesadas tienen derecho a si acceder a sus datos personales, as\u00ed como a solicitar la rectificaci\u00f3n de los datos inexactos o, en su caso, solicitar su supresi\u00f3n cuando, entre otros motivos, los datos ya no sean necesarios para los fines que fueron recogidos.<\/p>\n<p>En determinadas circunstancias, los interesados podr\u00e1n solicitar la limitaci\u00f3n del tratamiento de sus datos, en cuyo caso \u00fanicamente los conservaremos para el ejercicio o la defensa de reclamaciones. Tambi\u00e9n los interesados tendr\u00e1n derecho a retirar el consentimiento en cualquier momento, sin que ello afecte a la licitud del tratamiento basado en el consentimiento previo a su retirada.<\/p>\n<p>En determinadas circunstancias y por motivos relacionados con su situaci\u00f3n particular, los interesados podr\u00e1n oponerse al tratamiento de sus datos. LANTIER S.L. dejar\u00e1 de tratar los datos, salvo por motivos leg\u00edtimos imperiosos, o el ejercicio o la defensa de posibles reclamaciones.<\/p>\n<p>El usuario tendr\u00e1 derecho a la portabilidad, es decir, a que los datos personales que hubiera facilitado, se transmitan directamente a otro responsable en formato estructurado, de uso com\u00fan y lectura mec\u00e1nica, cuando t\u00e9cnicamente fuera posible.<\/p>\n<p>El titular de los datos, o su representante legal, acreditando su identidad pueden ejercer los referidos derechos dirigiendo un email a la direcci\u00f3n electr\u00f3nica\u00a0<a href=\"mailto:info@lantier.solutions\">info@lantier.solutions<\/a>o mediante correo postal: Pol\u00edgono Industrial Aldaba, S\/N. Tolosa Gipuzkoa, Spain.<\/p>\n<p>Puede obtener informaci\u00f3n adicional acerca de sus derechos ante la Agencia Espa\u00f1ola de Protecci\u00f3n de Datos en\u00a0<a href=\"http:\/\/www.agpd.es\/\">http:\/\/www.agpd.es<\/a><\/p>\n<p>Cuando el titular de los derechos no haya obtenido satisfacci\u00f3n en el ejercicio de los mismos, puede reclamar la asistencia de la Agencia Espa\u00f1ola de Protecci\u00f3n de Datos para que el ejercicio de sus derechos sea efectivo, mediante la presentaci\u00f3n de una Reclamaci\u00f3n de Tutela de Derechos (<a href=\"http:\/\/www.agpd.es\/\">http:\/\/www.agpd.es<\/a>)<\/p>\n<\/div>\n<\/div>\n<\/div>\n<\/section>\n<div id=\"footer\">\n<div class=\"footer\">\n<div class=\"container\">\n<div class=\"row\"><\/div>\n<\/div>\n<\/div>\n<\/div>\n","protected":false},"excerpt":{"rendered":"<p>Mediante la presente Pol\u00edtica de Privacidad, LANTIER S.L. informa a los usuarios de los usos a los que se someten los datos de car\u00e1cter personal que se recaban en este sitio web, con el fin de que decidan, libre y voluntariamente, si desean facilitar la informaci\u00f3n solicitada. Los datos ser\u00e1n recogidos exclusivamente para fines determinados,&hellip;<\/p>\n","protected":false},"author":2,"featured_media":0,"parent":0,"menu_order":31,"comment_status":"closed","ping_status":"closed","template":"","meta":{"footnotes":""},"class_list":["post-60820","page","type-page","status-publish","hentry","description-off"],"yoast_head":"<!-- This site is optimized with the Yoast SEO plugin v24.9 - https:\/\/yoast.com\/wordpress\/plugins\/seo\/ -->\n<title>Privacy policy - Lantier<\/title>\n<meta name=\"robots\" content=\"index, follow, max-snippet:-1, max-image-preview:large, max-video-preview:-1\" \/>\n<link rel=\"canonical\" href=\"https:\/\/lantier.solutions\/es\/privacy-policy\/\" \/>\n<meta property=\"og:locale\" content=\"es_ES\" \/>\n<meta property=\"og:type\" content=\"article\" \/>\n<meta property=\"og:title\" content=\"Privacy policy - Lantier\" \/>\n<meta property=\"og:description\" content=\"Mediante la presente Pol\u00edtica de Privacidad, LANTIER S.L. informa a los usuarios de los usos a los que se someten los datos de car\u00e1cter personal que se recaban en este sitio web, con el fin de que decidan, libre y voluntariamente, si desean facilitar la informaci\u00f3n solicitada. Los datos ser\u00e1n recogidos exclusivamente para fines determinados,&hellip;\" \/>\n<meta property=\"og:url\" content=\"https:\/\/lantier.solutions\/es\/privacy-policy\/\" \/>\n<meta property=\"og:site_name\" content=\"Lantier\" \/>\n<meta name=\"twitter:card\" content=\"summary_large_image\" \/>\n<meta name=\"twitter:label1\" content=\"Tiempo de lectura\" \/>\n\t<meta name=\"twitter:data1\" content=\"4 minutos\" \/>\n<script type=\"application\/ld+json\" class=\"yoast-schema-graph\">{\"@context\":\"https:\/\/schema.org\",\"@graph\":[{\"@type\":\"WebPage\",\"@id\":\"https:\/\/lantier.solutions\/es\/privacy-policy\/\",\"url\":\"https:\/\/lantier.solutions\/es\/privacy-policy\/\",\"name\":\"Privacy policy - Lantier\",\"isPartOf\":{\"@id\":\"https:\/\/lantier.solutions\/#website\"},\"datePublished\":\"2022-08-01T11:27:40+00:00\",\"breadcrumb\":{\"@id\":\"https:\/\/lantier.solutions\/es\/privacy-policy\/#breadcrumb\"},\"inLanguage\":\"es\",\"potentialAction\":[{\"@type\":\"ReadAction\",\"target\":[\"https:\/\/lantier.solutions\/es\/privacy-policy\/\"]}]},{\"@type\":\"BreadcrumbList\",\"@id\":\"https:\/\/lantier.solutions\/es\/privacy-policy\/#breadcrumb\",\"itemListElement\":[{\"@type\":\"ListItem\",\"position\":1,\"name\":\"Home\",\"item\":\"https:\/\/lantier.solutions\/es\/\"},{\"@type\":\"ListItem\",\"position\":2,\"name\":\"Privacy policy\"}]},{\"@type\":\"WebSite\",\"@id\":\"https:\/\/lantier.solutions\/#website\",\"url\":\"https:\/\/lantier.solutions\/\",\"name\":\"Lantier\",\"description\":\"\",\"potentialAction\":[{\"@type\":\"SearchAction\",\"target\":{\"@type\":\"EntryPoint\",\"urlTemplate\":\"https:\/\/lantier.solutions\/?s={search_term_string}\"},\"query-input\":{\"@type\":\"PropertyValueSpecification\",\"valueRequired\":true,\"valueName\":\"search_term_string\"}}],\"inLanguage\":\"es\"}]}<\/script>\n<!-- \/ Yoast SEO plugin. -->","yoast_head_json":{"title":"Privacy policy - Lantier","robots":{"index":"index","follow":"follow","max-snippet":"max-snippet:-1","max-image-preview":"max-image-preview:large","max-video-preview":"max-video-preview:-1"},"canonical":"https:\/\/lantier.solutions\/es\/privacy-policy\/","og_locale":"es_ES","og_type":"article","og_title":"Privacy policy - Lantier","og_description":"Mediante la presente Pol\u00edtica de Privacidad, LANTIER S.L. informa a los usuarios de los usos a los que se someten los datos de car\u00e1cter personal que se recaban en este sitio web, con el fin de que decidan, libre y voluntariamente, si desean facilitar la informaci\u00f3n solicitada. Los datos ser\u00e1n recogidos exclusivamente para fines determinados,&hellip;","og_url":"https:\/\/lantier.solutions\/es\/privacy-policy\/","og_site_name":"Lantier","twitter_card":"summary_large_image","twitter_misc":{"Tiempo de lectura":"4 minutos"},"schema":{"@context":"https:\/\/schema.org","@graph":[{"@type":"WebPage","@id":"https:\/\/lantier.solutions\/es\/privacy-policy\/","url":"https:\/\/lantier.solutions\/es\/privacy-policy\/","name":"Privacy policy - Lantier","isPartOf":{"@id":"https:\/\/lantier.solutions\/#website"},"datePublished":"2022-08-01T11:27:40+00:00","breadcrumb":{"@id":"https:\/\/lantier.solutions\/es\/privacy-policy\/#breadcrumb"},"inLanguage":"es","potentialAction":[{"@type":"ReadAction","target":["https:\/\/lantier.solutions\/es\/privacy-policy\/"]}]},{"@type":"BreadcrumbList","@id":"https:\/\/lantier.solutions\/es\/privacy-policy\/#breadcrumb","itemListElement":[{"@type":"ListItem","position":1,"name":"Home","item":"https:\/\/lantier.solutions\/es\/"},{"@type":"ListItem","position":2,"name":"Privacy policy"}]},{"@type":"WebSite","@id":"https:\/\/lantier.solutions\/#website","url":"https:\/\/lantier.solutions\/","name":"Lantier","description":"","potentialAction":[{"@type":"SearchAction","target":{"@type":"EntryPoint","urlTemplate":"https:\/\/lantier.solutions\/?s={search_term_string}"},"query-input":{"@type":"PropertyValueSpecification","valueRequired":true,"valueName":"search_term_string"}}],"inLanguage":"es"}]}},"_links":{"self":[{"href":"https:\/\/lantier.solutions\/es\/wp-json\/wp\/v2\/pages\/60820","targetHints":{"allow":["GET"]}}],"collection":[{"href":"https:\/\/lantier.solutions\/es\/wp-json\/wp\/v2\/pages"}],"about":[{"href":"https:\/\/lantier.solutions\/es\/wp-json\/wp\/v2\/types\/page"}],"author":[{"embeddable":true,"href":"https:\/\/lantier.solutions\/es\/wp-json\/wp\/v2\/users\/2"}],"replies":[{"embeddable":true,"href":"https:\/\/lantier.solutions\/es\/wp-json\/wp\/v2\/comments?post=60820"}],"version-history":[{"count":0,"href":"https:\/\/lantier.solutions\/es\/wp-json\/wp\/v2\/pages\/60820\/revisions"}],"wp:attachment":[{"href":"https:\/\/lantier.solutions\/es\/wp-json\/wp\/v2\/media?parent=60820"}],"curies":[{"name":"wp","href":"https:\/\/api.w.org\/{rel}","templated":true}]}}