{"id":60857,"date":"2021-08-24T13:39:11","date_gmt":"2021-08-24T13:39:11","guid":{"rendered":"https:\/\/lantier.solutions\/services\/"},"modified":"2023-12-18T10:52:18","modified_gmt":"2023-12-18T10:52:18","slug":"de-laminas","status":"publish","type":"page","link":"https:\/\/lantier.solutions\/es\/de-laminas\/","title":{"rendered":"Servicios"},"content":{"rendered":"<section class=\"wpb-content-wrapper\"><p>[vc_row][vc_column][vc_empty_space height=\u00bb60px\u00bb][\/vc_column][\/vc_row][vc_row][vc_column width=\u00bb1\/2&#8243;][vc_column_text]<\/p>\n<h1><b>Lantier:<\/b><br \/>\n<span style=\"font-weight: 400;\">soluciones,<br \/>\ntecnolog\u00eda<br \/>\ny servicio<\/span><\/h1>\n<p>[\/vc_column_text][vc_column_text]En <strong>Lantier<\/strong> creemos en que el Servicio y Soporte al Cliente es estar donde y cuando nuestro cliente nos necesita, asesor\u00e1ndolo y acompa\u00f1\u00e1ndolo en su toma de decisiones de la mejor soluci\u00f3n tecnol\u00f3gica e innovadora para su m\u00e1quina de papel.<\/p>\n<p>Con la nueva Soluci\u00f3n de l\u00e1minas de <strong>Lantier,<\/strong> es m\u00e1s posible que nunca entender las necesidades de cada cliente y facilitar una respuesta adecuada de la aplicaci\u00f3n de las l\u00e1minas, lo cual per-mite alcanzar los objetivos de cada m\u00e1quina de papel de cada cliente.<\/p>\n<p>Tecnolog\u00eda, innovaci\u00f3n, capacidad de producci\u00f3n e incluso personalizaci\u00f3n de l\u00e1minas son pilares conocidos del servicio que ofrece <strong>Lantier<\/strong> al mercado.[\/vc_column_text][vc_empty_space height=\u00bb60px\u00bb][\/vc_column][vc_column width=\u00bb1\/2&#8243;][vc_single_image image=\u00bb60747&#8243; img_size=\u00bbfull\u00bb][vc_column_text]<\/p>\n<h3><span style=\"font-weight: 400;\">Nuestros t\u00e9cnicos de servicio ofrecen soporte t\u00e9cnico local para doctores de<\/span> Lantier <span style=\"font-weight: 400;\">y otros fabricantes.<\/span><\/h3>\n<p>[\/vc_column_text][vc_empty_space height=\u00bb60px\u00bb][\/vc_column][\/vc_row][vc_row][vc_column width=\u00bb1\/2&#8243; offset=\u00bbvc_col-xs-6&#8243;][vc_row_inner][vc_column_inner width=\u00bb1\/6&#8243;][vc_single_image image=\u00bb59914&#8243; img_size=\u00bbfull\u00bb][\/vc_column_inner][vc_column_inner width=\u00bb5\/6&#8243;][vc_column_text]<strong style=\"color: #006bb5;\">Instalaci\u00f3n, Ajuste<\/strong><br \/>\n<strong style=\"color: #006bb5;\">y Servicio de Puesta en marcha<\/strong>[\/vc_column_text][\/vc_column_inner][\/vc_row_inner][vc_row_inner][vc_column_inner width=\u00bb1\/6&#8243;][vc_single_image image=\u00bb59916&#8243; img_size=\u00bbfull\u00bb][\/vc_column_inner][vc_column_inner width=\u00bb5\/6&#8243;][vc_column_text]<strong style=\"color: #006bb5;\"> Medici\u00f3n de Vibraciones<br \/>\ny Consultor\u00eda por<br \/>\nexpertos de Lantier <\/strong>[\/vc_column_text][\/vc_column_inner][\/vc_row_inner][vc_row_inner][vc_column_inner width=\u00bb1\/6&#8243;][vc_single_image image=\u00bb59918&#8243; img_size=\u00bbfull\u00bb][\/vc_column_inner][vc_column_inner width=\u00bb5\/6&#8243;][vc_column_text]<strong style=\"color: #006bb5;\">Completamente nuevo, <\/strong><br \/>\n<strong style=\"color: #006bb5;\">o reforma de Equipos existentes<\/strong>[\/vc_column_text][\/vc_column_inner][\/vc_row_inner][vc_row_inner][vc_column_inner width=\u00bb1\/6&#8243;][vc_single_image image=\u00bb59920&#8243; img_size=\u00bbfull\u00bb][\/vc_column_inner][vc_column_inner width=\u00bb5\/6&#8243;][vc_column_text]<strong style=\"color: #006bb5;\">Servicio de Toma<\/strong><br \/>\n<strong style=\"color: #006bb5;\">de Medidas<\/strong>[\/vc_column_text][\/vc_column_inner][\/vc_row_inner][\/vc_column][vc_column width=\u00bb1\/2&#8243; offset=\u00bbvc_col-xs-6&#8243;][vc_row_inner][vc_column_inner width=\u00bb1\/6&#8243;][vc_single_image image=\u00bb59922&#8243; img_size=\u00bbfull\u00bb][\/vc_column_inner][vc_column_inner width=\u00bb5\/6&#8243;][vc_column_text]<strong style=\"color: #006bb5;\">Servicio de Mantenimiento <\/strong><br \/>\n<strong style=\"color: #006bb5;\">de Lantier para equipos de otros fabricantes<\/strong>[\/vc_column_text][\/vc_column_inner][\/vc_row_inner][vc_row_inner][vc_column_inner width=\u00bb1\/6&#8243;][vc_single_image image=\u00bb59924&#8243; img_size=\u00bbfull\u00bb][\/vc_column_inner][vc_column_inner width=\u00bb5\/6&#8243;][vc_column_text]<strong style=\"color: #006bb5;\">Consultor\u00eda T\u00e9cnica \/ <\/strong><br \/>\n<strong style=\"color: #006bb5;\">Asesoramiento<\/strong>[\/vc_column_text][\/vc_column_inner][\/vc_row_inner][vc_row_inner][vc_column_inner width=\u00bb1\/6&#8243;][vc_single_image image=\u00bb59926&#8243; img_size=\u00bbfull\u00bb][\/vc_column_inner][vc_column_inner width=\u00bb5\/6&#8243;][vc_column_text]<strong style=\"color: #006bb5;\">Auditor\u00eda de M\u00e1quina \/ <\/strong><br \/>\n<strong style=\"color: #006bb5;\">Chequeo<\/strong>[\/vc_column_text][\/vc_column_inner][\/vc_row_inner][vc_row_inner][vc_column_inner width=\u00bb1\/6&#8243;][vc_single_image image=\u00bb59928&#8243; img_size=\u00bbfull\u00bb][\/vc_column_inner][vc_column_inner width=\u00bb5\/6&#8243;][vc_column_text]<strong style=\"color: #006bb5;\">Servicios<\/strong><br \/>\n<strong style=\"color: #006bb5;\">de L\u00e1minas<\/strong>[\/vc_column_text][\/vc_column_inner][\/vc_row_inner][\/vc_column][\/vc_row][vc_row][vc_column][vc_empty_space height=\u00bb60px\u00bb][vc_separator color=\u00bbblack\u00bb][vc_empty_space height=\u00bb60px\u00bb][\/vc_column][\/vc_row][vc_row][vc_column][vc_empty_space height=\u00bb60px\u00bb][vc_column_text]<\/p>\n<h2 style=\"font-weight: 400;\"><b>Servicio<br \/>\nde L\u00e1minas<\/b><br \/>\nServicios<\/h2>\n<p>[\/vc_column_text][vc_empty_space height=\u00bb60px\u00bb][\/vc_column][\/vc_row][vc_row][vc_column width=\u00bb1\/4&#8243;][vc_column_text]<\/p>\n<h3 style=\"font-weight: 400; color: #006bb5; font-family: 'Nunito Sans';\">Lantier<br \/>\n<b>Home<\/b> Service<\/h3>\n<p>[\/vc_column_text][vc_column_text]Nuestros expertos les dar\u00e1n soporte telem\u00e1tico aconsejando con la mejor l\u00e1mina para cada uso, el \u00e1ngulo adecuado y la presi\u00f3n correcta a aplicar.<\/p>\n<p>Esto le ayuda a optimizar la eficiencia de su m\u00e1quina de papel.<\/p>\n<p>Tambi\u00e9n nos puede enviar sus l\u00e1minas usadas para un an\u00e1lisis de desgaste en los laboratorios de <strong>Lantier<\/strong> y le facilitaremos un informe detallado.[\/vc_column_text][vc_column_text css=\u00bb.vc_custom_1635522223862{padding-right: 10px !important;padding-left: 10px !important;}\u00bb]<\/p>\n<div style=\"background: #cccccc; padding: 10px;\">\n<h6>Ventajas<\/h6>\n<ul>\n<li>Soporte al instante en todo el mundo.<\/li>\n<li>Soporte telem\u00e1tico de nuestros expertos.<\/li>\n<li>An\u00e1lisis de desgaste.<\/li>\n<\/ul>\n<\/div>\n<p>[\/vc_column_text][\/vc_column][vc_column width=\u00bb1\/4&#8243;][vc_column_text]<\/p>\n<h3 style=\"font-weight: 400; color: #006bb5; font-family: 'Nunito Sans';\">Lantier<br \/>\n<b>Onsite<\/b> Service<\/h3>\n<p>[\/vc_column_text][vc_column_text]<\/p>\n<div class=\"page\" title=\"Page 56\">\n<div class=\"layoutArea\">\n<div class=\"column\">\n<p>Adem\u00e1s de los servicios detallados en el <strong>Home<\/strong> service, en el <strong>Onsite<\/strong> service, nuestros expertos le asesorar\u00e1n verificando cada posici\u00f3n de las l\u00e1minas, haciendo una auditor\u00eda de los doctores donde se recoger\u00e1n varios datos. Dichos datos ser\u00e1n analizados en un exhaustivo informe.<\/p>\n<p>Bas\u00e1ndonos en dicho informe, propondremos un plan de acci\u00f3n para incrementar la eficiencia de los doctores con soluciones innovadoras.<\/p>\n<p>El plan de acci\u00f3n propuesto puede ser implantado por vosotros mismos o puede contar con el Equipo de Servicio <strong>Lantier<\/strong> para ayudarle con nuestro conocimiento en el sistema de doctores.<\/p>\n<\/div>\n<\/div>\n<\/div>\n<p>[\/vc_column_text][vc_column_text css=\u00bb.vc_custom_1635522439290{padding-right: 10px !important;padding-left: 10px !important;}\u00bb]<\/p>\n<div style=\"background: #cccccc; padding: 10px;\">\n<h6>Ventajas<\/h6>\n<ul>\n<li>Soporte de expertos in-situ.<\/li>\n<li>Auditor\u00eda de doctores.<\/li>\n<li>An\u00e1lisis de desgaste.<\/li>\n<li>Informe detallado &amp; plan de acci\u00f3n.<\/li>\n<\/ul>\n<\/div>\n<p>[\/vc_column_text][\/vc_column][vc_column width=\u00bb1\/4&#8243;][vc_column_text]<\/p>\n<h3 style=\"font-weight: 400; color: #006bb5; font-family: 'Nunito Sans';\">Lantier<br \/>\n<b>Onsite Plus<\/b> Service<\/h3>\n<p>[\/vc_column_text][vc_column_text]<\/p>\n<div class=\"page\" title=\"Page 57\">\n<div class=\"layoutArea\">\n<div class=\"column\">\n<p>Adem\u00e1s de los servicios detallados en el <strong>Onsite<\/strong> service, en el <strong>Onsite Plus<\/strong> service, nuestros expertos asistir\u00e1n peri\u00f3dicamente a comprobar cada posici\u00f3n, implementando el plan de acci\u00f3n para mejorar la eficiencia de los doctores.<\/p>\n<p>Los expertos en l\u00e1minas de <strong>Lantier<\/strong> har\u00e1n un seguimiento del consumo de l\u00e1minas y trazabilizar\u00e1n junto con el cliente para evitar posibles roturas de stock.<\/p>\n<\/div>\n<\/div>\n<\/div>\n<p>[\/vc_column_text][vc_column_text css=\u00bb.vc_custom_1635522331366{padding-right: 10px !important;padding-left: 10px !important;}\u00bb]<\/p>\n<div style=\"background: #cccccc; padding: 10px;\">\n<h6>Ventajas<\/h6>\n<ul>\n<li>Soporte de expertos in-situ.<\/li>\n<li>Auditor\u00eda de doctores.<\/li>\n<li>An\u00e1lisis de desgaste.<\/li>\n<li>Implementaci\u00f3n del plan de acci\u00f3n.<\/li>\n<li>Trazabilidad del consumo de l\u00e1minas.<\/li>\n<li>Soporte en la organizaci\u00f3n de almacenamiento.<\/li>\n<\/ul>\n<\/div>\n<p>[\/vc_column_text][\/vc_column][vc_column width=\u00bb1\/4&#8243;][vc_column_text]<\/p>\n<h3 style=\"font-weight: 400; color: #006bb5; font-family: 'Nunito Sans';\">Lantier<br \/>\n<b>Onsite Full-Service<\/b><\/h3>\n<p>[\/vc_column_text][vc_column_text]<\/p>\n<div class=\"page\" title=\"Page 57\">\n<div class=\"layoutArea\">\n<div class=\"column\">\n<div class=\"page\" title=\"Page 57\">\n<div class=\"layoutArea\">\n<div class=\"column\">\n<p>Adem\u00e1s de los servicios detallados en el <strong>Onsite Plus service<\/strong>, en el <strong>Onsite Full-Service<\/strong>, nuestros t\u00e9cnicos asistir\u00e1n con frecuencia a comprobar cada posici\u00f3n, haciendo auditor\u00edas y proponiendo constantemente e implementando soluciones innovadoras manteniendo la m\u00e1s alta eficiencia de los doctores.<\/p>\n<p>Los expertos en l\u00e1minas de <strong>Lantier<\/strong> har\u00e1n un seguimiento del consumo de l\u00e1minas y trazabilizar\u00e1n garantizando un stock continuo en la papelera.<\/p>\n<\/div>\n<\/div>\n<\/div>\n<\/div>\n<\/div>\n<\/div>\n<p>[\/vc_column_text][vc_column_text css=\u00bb.vc_custom_1635522385479{padding-right: 10px !important;padding-left: 10px !important;}\u00bb]<\/p>\n<div style=\"background: #cccccc; padding: 10px;\">\n<h6>Ventajas<\/h6>\n<ul>\n<li>Soporte de expertos in-situ.<\/li>\n<li>Auditor\u00eda de doctores.<\/li>\n<li>An\u00e1lisis de desgaste.<\/li>\n<li>Implementaci\u00f3n del plan de acci\u00f3n.<\/li>\n<li>Control y trazabilidad del stock de l\u00e1minas.<\/li>\n<li>Stock m\u00ednimo en la papelera.<\/li>\n<li>Gesti\u00f3n del uso de l\u00e1minas en la papelera.<\/li>\n<li>\u00daltima tecnolog\u00eda en l\u00e1minas.<\/li>\n<\/ul>\n<\/div>\n<p>[\/vc_column_text][\/vc_column][\/vc_row][vc_row][vc_column][vc_empty_space height=\u00bb60px\u00bb][\/vc_column][\/vc_row]<\/p>\n<\/section>","protected":false},"excerpt":{"rendered":"<p>[vc_row][vc_column][vc_empty_space height=\u00bb60px\u00bb][\/vc_column][\/vc_row][vc_row][vc_column width=\u00bb1\/2&#8243;][vc_column_text] Lantier: soluciones, tecnolog\u00eda y servicio [\/vc_column_text][vc_column_text]En Lantier creemos en que el Servicio y Soporte al Cliente es estar donde y cuando nuestro cliente nos necesita, asesor\u00e1ndolo y acompa\u00f1\u00e1ndolo en su toma de decisiones de la mejor soluci\u00f3n tecnol\u00f3gica e innovadora para su m\u00e1quina de papel. Con la nueva Soluci\u00f3n de l\u00e1minas de&hellip;<\/p>\n","protected":false},"author":3,"featured_media":0,"parent":0,"menu_order":223,"comment_status":"closed","ping_status":"closed","template":"","meta":{"footnotes":""},"class_list":["post-60857","page","type-page","status-publish","hentry","description-off"],"yoast_head":"<!-- This site is optimized with the Yoast SEO plugin v24.9 - https:\/\/yoast.com\/wordpress\/plugins\/seo\/ -->\n<title>Servicios - Lantier<\/title>\n<meta name=\"robots\" content=\"index, follow, max-snippet:-1, max-image-preview:large, max-video-preview:-1\" \/>\n<link rel=\"canonical\" href=\"https:\/\/lantier.solutions\/services\/\" \/>\n<meta property=\"og:locale\" content=\"es_ES\" \/>\n<meta property=\"og:type\" content=\"article\" \/>\n<meta property=\"og:title\" content=\"Servicios - Lantier\" \/>\n<meta property=\"og:description\" content=\"[vc_row][vc_column][vc_empty_space height=\u00bb60px\u00bb][\/vc_column][\/vc_row][vc_row][vc_column width=\u00bb1\/2&#8243;][vc_column_text] Lantier: soluciones, tecnolog\u00eda y servicio [\/vc_column_text][vc_column_text]En Lantier creemos en que el Servicio y Soporte al Cliente es estar donde y cuando nuestro cliente nos necesita, asesor\u00e1ndolo y acompa\u00f1\u00e1ndolo en su toma de decisiones de la mejor soluci\u00f3n tecnol\u00f3gica e innovadora para su m\u00e1quina de papel. Con la nueva Soluci\u00f3n de l\u00e1minas de&hellip;\" \/>\n<meta property=\"og:url\" content=\"https:\/\/lantier.solutions\/services\/\" \/>\n<meta property=\"og:site_name\" content=\"Lantier\" \/>\n<meta property=\"article:modified_time\" content=\"2023-12-18T10:52:18+00:00\" \/>\n<meta name=\"twitter:card\" content=\"summary_large_image\" \/>\n<meta name=\"twitter:label1\" content=\"Tiempo de lectura\" \/>\n\t<meta name=\"twitter:data1\" content=\"3 minutos\" \/>\n<script type=\"application\/ld+json\" class=\"yoast-schema-graph\">{\"@context\":\"https:\/\/schema.org\",\"@graph\":[{\"@type\":\"WebPage\",\"@id\":\"https:\/\/lantier.solutions\/services\/\",\"url\":\"https:\/\/lantier.solutions\/services\/\",\"name\":\"Servicios - Lantier\",\"isPartOf\":{\"@id\":\"https:\/\/lantier.solutions\/#website\"},\"datePublished\":\"2021-08-24T13:39:11+00:00\",\"dateModified\":\"2023-12-18T10:52:18+00:00\",\"breadcrumb\":{\"@id\":\"https:\/\/lantier.solutions\/services\/#breadcrumb\"},\"inLanguage\":\"es\",\"potentialAction\":[{\"@type\":\"ReadAction\",\"target\":[\"https:\/\/lantier.solutions\/services\/\"]}]},{\"@type\":\"BreadcrumbList\",\"@id\":\"https:\/\/lantier.solutions\/services\/#breadcrumb\",\"itemListElement\":[{\"@type\":\"ListItem\",\"position\":1,\"name\":\"Home\",\"item\":\"https:\/\/lantier.solutions\/es\/\"},{\"@type\":\"ListItem\",\"position\":2,\"name\":\"Servicios\"}]},{\"@type\":\"WebSite\",\"@id\":\"https:\/\/lantier.solutions\/#website\",\"url\":\"https:\/\/lantier.solutions\/\",\"name\":\"Lantier\",\"description\":\"\",\"potentialAction\":[{\"@type\":\"SearchAction\",\"target\":{\"@type\":\"EntryPoint\",\"urlTemplate\":\"https:\/\/lantier.solutions\/?s={search_term_string}\"},\"query-input\":{\"@type\":\"PropertyValueSpecification\",\"valueRequired\":true,\"valueName\":\"search_term_string\"}}],\"inLanguage\":\"es\"}]}<\/script>\n<!-- \/ Yoast SEO plugin. -->","yoast_head_json":{"title":"Servicios - Lantier","robots":{"index":"index","follow":"follow","max-snippet":"max-snippet:-1","max-image-preview":"max-image-preview:large","max-video-preview":"max-video-preview:-1"},"canonical":"https:\/\/lantier.solutions\/services\/","og_locale":"es_ES","og_type":"article","og_title":"Servicios - Lantier","og_description":"[vc_row][vc_column][vc_empty_space height=\u00bb60px\u00bb][\/vc_column][\/vc_row][vc_row][vc_column width=\u00bb1\/2&#8243;][vc_column_text] Lantier: soluciones, tecnolog\u00eda y servicio [\/vc_column_text][vc_column_text]En Lantier creemos en que el Servicio y Soporte al Cliente es estar donde y cuando nuestro cliente nos necesita, asesor\u00e1ndolo y acompa\u00f1\u00e1ndolo en su toma de decisiones de la mejor soluci\u00f3n tecnol\u00f3gica e innovadora para su m\u00e1quina de papel. Con la nueva Soluci\u00f3n de l\u00e1minas de&hellip;","og_url":"https:\/\/lantier.solutions\/services\/","og_site_name":"Lantier","article_modified_time":"2023-12-18T10:52:18+00:00","twitter_card":"summary_large_image","twitter_misc":{"Tiempo de lectura":"3 minutos"},"schema":{"@context":"https:\/\/schema.org","@graph":[{"@type":"WebPage","@id":"https:\/\/lantier.solutions\/services\/","url":"https:\/\/lantier.solutions\/services\/","name":"Servicios - Lantier","isPartOf":{"@id":"https:\/\/lantier.solutions\/#website"},"datePublished":"2021-08-24T13:39:11+00:00","dateModified":"2023-12-18T10:52:18+00:00","breadcrumb":{"@id":"https:\/\/lantier.solutions\/services\/#breadcrumb"},"inLanguage":"es","potentialAction":[{"@type":"ReadAction","target":["https:\/\/lantier.solutions\/services\/"]}]},{"@type":"BreadcrumbList","@id":"https:\/\/lantier.solutions\/services\/#breadcrumb","itemListElement":[{"@type":"ListItem","position":1,"name":"Home","item":"https:\/\/lantier.solutions\/es\/"},{"@type":"ListItem","position":2,"name":"Servicios"}]},{"@type":"WebSite","@id":"https:\/\/lantier.solutions\/#website","url":"https:\/\/lantier.solutions\/","name":"Lantier","description":"","potentialAction":[{"@type":"SearchAction","target":{"@type":"EntryPoint","urlTemplate":"https:\/\/lantier.solutions\/?s={search_term_string}"},"query-input":{"@type":"PropertyValueSpecification","valueRequired":true,"valueName":"search_term_string"}}],"inLanguage":"es"}]}},"_links":{"self":[{"href":"https:\/\/lantier.solutions\/es\/wp-json\/wp\/v2\/pages\/60857","targetHints":{"allow":["GET"]}}],"collection":[{"href":"https:\/\/lantier.solutions\/es\/wp-json\/wp\/v2\/pages"}],"about":[{"href":"https:\/\/lantier.solutions\/es\/wp-json\/wp\/v2\/types\/page"}],"author":[{"embeddable":true,"href":"https:\/\/lantier.solutions\/es\/wp-json\/wp\/v2\/users\/3"}],"replies":[{"embeddable":true,"href":"https:\/\/lantier.solutions\/es\/wp-json\/wp\/v2\/comments?post=60857"}],"version-history":[{"count":16,"href":"https:\/\/lantier.solutions\/es\/wp-json\/wp\/v2\/pages\/60857\/revisions"}],"predecessor-version":[{"id":61741,"href":"https:\/\/lantier.solutions\/es\/wp-json\/wp\/v2\/pages\/60857\/revisions\/61741"}],"wp:attachment":[{"href":"https:\/\/lantier.solutions\/es\/wp-json\/wp\/v2\/media?parent=60857"}],"curies":[{"name":"wp","href":"https:\/\/api.w.org\/{rel}","templated":true}]}}