{"id":60935,"date":"2021-08-16T15:34:58","date_gmt":"2021-08-16T15:34:58","guid":{"rendered":"https:\/\/lantier.solutions\/join-our-team\/"},"modified":"2023-01-03T11:12:49","modified_gmt":"2023-01-03T11:12:49","slug":"join-our-team","status":"publish","type":"page","link":"https:\/\/lantier.solutions\/es\/join-our-team\/","title":{"rendered":"\u00danete a nuestro equipo"},"content":{"rendered":"<section class=\"wpb-content-wrapper\"><p>[vc_row css=\u00bb.vc_custom_1632154100089{margin-top: 20px !important;margin-bottom: 60px !important;}\u00bb][vc_column width=\u00bb1\/4&#8243;][vc_empty_space height=\u00bb60px\u00bb][vc_column_text]<\/p>\n<h1><span style=\"font-weight: 400;\">\u00danete a la Champions League de la<\/span> <b>industria papelera<\/b><\/h1>\n<p>[\/vc_column_text][\/vc_column][\/vc_row][vc_row css=\u00bb.vc_custom_1632154100089{margin-top: 20px !important;margin-bottom: 60px !important;}\u00bb][vc_column width=\u00bb3\/4&#8243;][vc_single_image image=\u00bb60113&#8243; img_size=\u00bbfull\u00bb][\/vc_column][vc_column width=\u00bb1\/4&#8243;][vc_column_text]Como l\u00edder europeo en soluciones de doctorado para m\u00e1quinas de papel, cart\u00f3n y tis\u00fa, creemos que lo que hacemos no es menos que lo mejor en nuestro mercado.[\/vc_column_text][\/vc_column][\/vc_row][vc_row css=\u00bb.vc_custom_1632154100089{margin-top: 20px !important;margin-bottom: 60px !important;}\u00bb][vc_column][\/vc_column][\/vc_row][vc_row css=\u00bb.vc_custom_1632154100089{margin-top: 20px !important;margin-bottom: 60px !important;}\u00bb][vc_column width=\u00bb1\/3&#8243;][vc_column_text]<\/p>\n<h2><span style=\"font-weight: 400;\">Nada de lo que hacemos en<\/span> Lantier <span style=\"font-weight: 400;\">ser\u00eda posible sin<\/span> nuestra gente<\/h2>\n<p>[\/vc_column_text][vc_column_text]Nuestro equipo es la piedra angular de nuestras operaciones diarias.<\/p>\n<p>Son pensadores creativos a los que les encanta crear e implementar soluciones incre\u00edbles que brinden beneficios para las m\u00e1quinas de papel, cart\u00f3n y tis\u00fa. Y cuando te unes al equipo de Lantier, no solo te embarcas en una nueva y emocionante carrera en la industria del papel, sino que tambi\u00e9n te conviertes en parte de una familia que te alienta a ser creativo, innovador, apasionado y divertido mientras lo haces.[\/vc_column_text][\/vc_column][vc_column width=\u00bb2\/3&#8243;][vc_single_image image=\u00bb60252&#8243; img_size=\u00bbfull\u00bb][\/vc_column][\/vc_row][vc_row bg_type=\u00bbbg_color\u00bb bg_override=\u00bbex-full\u00bb css=\u00bb.vc_custom_1634898759745{margin-top: 20px !important;margin-bottom: 60px !important;}\u00bb bg_color_value=\u00bb#cecece\u00bb][vc_column width=\u00bb1\/3&#8243;][\/vc_column][vc_column width=\u00bb1\/3&#8243;][vc_empty_space height=\u00bb60px\u00bb][vc_column_text]<\/p>\n<h2 class=\"v1MsoNormal\" style=\"text-align: center; font-weight: 400;\">\u00bfQuieres <strong>unirte<br \/>\na nuestro equipo ?<\/strong><\/h2>\n<p>[\/vc_column_text][vc_empty_space height=\u00bb60px\u00bb][\/vc_column][vc_column width=\u00bb1\/3&#8243;][\/vc_column][\/vc_row][vc_row css=\u00bb.vc_custom_1632154100089{margin-top: 20px !important;margin-bottom: 60px !important;}\u00bb][vc_column]<form class=\"dt-contact-form dt-form privacy-form\" method=\"post\"><input type=\"hidden\" name=\"widget_id\" value=\"presscore-contact-form-widget--1\" \/><input type=\"hidden\" name=\"send_message\" value=\"\" \/><input type=\"hidden\" name=\"security_token\" value=\"b6ff30f793bc3f219a1f\"\/><div class=\"form-fields\"><span class=\"form-name\"><label class=\"assistive-text\">Nombre *<\/label><input type=\"text\" class=\"validate[required]\" placeholder=\"Nombre *\" name=\"name\" value=\"\" aria-required=\"true\">\n<\/span><span class=\"form-mail\"><label class=\"assistive-text\">E-mail *<\/label><input type=\"text\" class=\"validate[required,custom[email]]\" placeholder=\"E-mail *\" name=\"email\" value=\"\" aria-required=\"true\">\n<\/span><span class=\"form-telephone\"><label class=\"assistive-text\">Tel\u00e9fono<\/label><input type=\"text\" placeholder=\"Tel\u00e9fono\" name=\"telephone\" value=\"\" aria-required=\"false\">\n<\/span><\/div><span class=\"form-message\"><label class=\"assistive-text\">Mensaje<\/label><textarea placeholder=\"Mensaje\" name=\"message\" rows=\"5\" aria-required=\"false\"><\/textarea>\n<\/span><p class=\"the7-form-terms-wrap\"><input type=\"checkbox\" id=\"the7-form-terms-48b454e539ea33c2028f007fd948336c\" name=\"terms\" class=\"validate[required] the7-form-terms\" aria-required=\"true\" \/>&nbsp;<label for=\"the7-form-terms-48b454e539ea33c2028f007fd948336c\"><span class=\"form-terms-text\">By using this form you agree with the storage and handling of your data by this website.<\/span><\/label><\/p><p><a href=\"#\" class=\"dt-btn dt-btn-m dt-btn-submit\" rel=\"nofollow\"><span>Send message<\/span><\/a><input class=\"assistive-text\" type=\"submit\" value=\"enviar\"><\/p><\/form>\n[\/vc_column][\/vc_row]<\/p>\n<\/section>","protected":false},"excerpt":{"rendered":"<p>[vc_row css=\u00bb.vc_custom_1632154100089{margin-top: 20px !important;margin-bottom: 60px !important;}\u00bb][vc_column width=\u00bb1\/4&#8243;][vc_empty_space height=\u00bb60px\u00bb][vc_column_text] \u00danete a la Champions League de la industria papelera [\/vc_column_text][\/vc_column][\/vc_row][vc_row css=\u00bb.vc_custom_1632154100089{margin-top: 20px !important;margin-bottom: 60px !important;}\u00bb][vc_column width=\u00bb3\/4&#8243;][vc_single_image image=\u00bb60113&#8243; img_size=\u00bbfull\u00bb][\/vc_column][vc_column width=\u00bb1\/4&#8243;][vc_column_text]Como l\u00edder europeo en soluciones de doctorado para m\u00e1quinas de papel, cart\u00f3n y tis\u00fa, creemos que lo que hacemos no es menos que lo mejor en nuestro mercado.[\/vc_column_text][\/vc_column][\/vc_row][vc_row css=\u00bb.vc_custom_1632154100089{margin-top:&hellip;<\/p>\n","protected":false},"author":3,"featured_media":0,"parent":0,"menu_order":177,"comment_status":"closed","ping_status":"closed","template":"","meta":{"footnotes":""},"class_list":["post-60935","page","type-page","status-publish","hentry","description-off"],"yoast_head":"<!-- This site is optimized with the Yoast SEO plugin v24.9 - https:\/\/yoast.com\/wordpress\/plugins\/seo\/ -->\n<title>\u00danete a nuestro equipo - Lantier<\/title>\n<meta name=\"robots\" content=\"index, follow, max-snippet:-1, max-image-preview:large, max-video-preview:-1\" \/>\n<link rel=\"canonical\" href=\"https:\/\/lantier.solutions\/es\/join-our-team\/\" \/>\n<meta property=\"og:locale\" content=\"es_ES\" \/>\n<meta property=\"og:type\" content=\"article\" \/>\n<meta property=\"og:title\" content=\"\u00danete a nuestro equipo - Lantier\" \/>\n<meta property=\"og:description\" content=\"[vc_row css=\u00bb.vc_custom_1632154100089{margin-top: 20px !important;margin-bottom: 60px !important;}\u00bb][vc_column width=\u00bb1\/4&#8243;][vc_empty_space height=\u00bb60px\u00bb][vc_column_text] \u00danete a la Champions League de la industria papelera [\/vc_column_text][\/vc_column][\/vc_row][vc_row css=\u00bb.vc_custom_1632154100089{margin-top: 20px !important;margin-bottom: 60px !important;}\u00bb][vc_column width=\u00bb3\/4&#8243;][vc_single_image image=\u00bb60113&#8243; img_size=\u00bbfull\u00bb][\/vc_column][vc_column width=\u00bb1\/4&#8243;][vc_column_text]Como l\u00edder europeo en soluciones de doctorado para m\u00e1quinas de papel, cart\u00f3n y tis\u00fa, creemos que lo que hacemos no es menos que lo mejor en nuestro mercado.[\/vc_column_text][\/vc_column][\/vc_row][vc_row css=\u00bb.vc_custom_1632154100089{margin-top:&hellip;\" \/>\n<meta property=\"og:url\" content=\"https:\/\/lantier.solutions\/es\/join-our-team\/\" \/>\n<meta property=\"og:site_name\" content=\"Lantier\" \/>\n<meta property=\"article:modified_time\" content=\"2023-01-03T11:12:49+00:00\" \/>\n<meta name=\"twitter:card\" content=\"summary_large_image\" \/>\n<meta name=\"twitter:label1\" content=\"Tiempo de lectura\" \/>\n\t<meta name=\"twitter:data1\" content=\"2 minutos\" \/>\n<script type=\"application\/ld+json\" class=\"yoast-schema-graph\">{\"@context\":\"https:\/\/schema.org\",\"@graph\":[{\"@type\":\"WebPage\",\"@id\":\"https:\/\/lantier.solutions\/es\/join-our-team\/\",\"url\":\"https:\/\/lantier.solutions\/es\/join-our-team\/\",\"name\":\"\u00danete a nuestro equipo - Lantier\",\"isPartOf\":{\"@id\":\"https:\/\/lantier.solutions\/#website\"},\"datePublished\":\"2021-08-16T15:34:58+00:00\",\"dateModified\":\"2023-01-03T11:12:49+00:00\",\"breadcrumb\":{\"@id\":\"https:\/\/lantier.solutions\/es\/join-our-team\/#breadcrumb\"},\"inLanguage\":\"es\",\"potentialAction\":[{\"@type\":\"ReadAction\",\"target\":[\"https:\/\/lantier.solutions\/es\/join-our-team\/\"]}]},{\"@type\":\"BreadcrumbList\",\"@id\":\"https:\/\/lantier.solutions\/es\/join-our-team\/#breadcrumb\",\"itemListElement\":[{\"@type\":\"ListItem\",\"position\":1,\"name\":\"Home\",\"item\":\"https:\/\/lantier.solutions\/es\/\"},{\"@type\":\"ListItem\",\"position\":2,\"name\":\"\u00danete a nuestro equipo\"}]},{\"@type\":\"WebSite\",\"@id\":\"https:\/\/lantier.solutions\/#website\",\"url\":\"https:\/\/lantier.solutions\/\",\"name\":\"Lantier\",\"description\":\"\",\"potentialAction\":[{\"@type\":\"SearchAction\",\"target\":{\"@type\":\"EntryPoint\",\"urlTemplate\":\"https:\/\/lantier.solutions\/?s={search_term_string}\"},\"query-input\":{\"@type\":\"PropertyValueSpecification\",\"valueRequired\":true,\"valueName\":\"search_term_string\"}}],\"inLanguage\":\"es\"}]}<\/script>\n<!-- \/ Yoast SEO plugin. -->","yoast_head_json":{"title":"\u00danete a nuestro equipo - Lantier","robots":{"index":"index","follow":"follow","max-snippet":"max-snippet:-1","max-image-preview":"max-image-preview:large","max-video-preview":"max-video-preview:-1"},"canonical":"https:\/\/lantier.solutions\/es\/join-our-team\/","og_locale":"es_ES","og_type":"article","og_title":"\u00danete a nuestro equipo - Lantier","og_description":"[vc_row css=\u00bb.vc_custom_1632154100089{margin-top: 20px !important;margin-bottom: 60px !important;}\u00bb][vc_column width=\u00bb1\/4&#8243;][vc_empty_space height=\u00bb60px\u00bb][vc_column_text] \u00danete a la Champions League de la industria papelera [\/vc_column_text][\/vc_column][\/vc_row][vc_row css=\u00bb.vc_custom_1632154100089{margin-top: 20px !important;margin-bottom: 60px !important;}\u00bb][vc_column width=\u00bb3\/4&#8243;][vc_single_image image=\u00bb60113&#8243; img_size=\u00bbfull\u00bb][\/vc_column][vc_column width=\u00bb1\/4&#8243;][vc_column_text]Como l\u00edder europeo en soluciones de doctorado para m\u00e1quinas de papel, cart\u00f3n y tis\u00fa, creemos que lo que hacemos no es menos que lo mejor en nuestro mercado.[\/vc_column_text][\/vc_column][\/vc_row][vc_row css=\u00bb.vc_custom_1632154100089{margin-top:&hellip;","og_url":"https:\/\/lantier.solutions\/es\/join-our-team\/","og_site_name":"Lantier","article_modified_time":"2023-01-03T11:12:49+00:00","twitter_card":"summary_large_image","twitter_misc":{"Tiempo de lectura":"2 minutos"},"schema":{"@context":"https:\/\/schema.org","@graph":[{"@type":"WebPage","@id":"https:\/\/lantier.solutions\/es\/join-our-team\/","url":"https:\/\/lantier.solutions\/es\/join-our-team\/","name":"\u00danete a nuestro equipo - Lantier","isPartOf":{"@id":"https:\/\/lantier.solutions\/#website"},"datePublished":"2021-08-16T15:34:58+00:00","dateModified":"2023-01-03T11:12:49+00:00","breadcrumb":{"@id":"https:\/\/lantier.solutions\/es\/join-our-team\/#breadcrumb"},"inLanguage":"es","potentialAction":[{"@type":"ReadAction","target":["https:\/\/lantier.solutions\/es\/join-our-team\/"]}]},{"@type":"BreadcrumbList","@id":"https:\/\/lantier.solutions\/es\/join-our-team\/#breadcrumb","itemListElement":[{"@type":"ListItem","position":1,"name":"Home","item":"https:\/\/lantier.solutions\/es\/"},{"@type":"ListItem","position":2,"name":"\u00danete a nuestro equipo"}]},{"@type":"WebSite","@id":"https:\/\/lantier.solutions\/#website","url":"https:\/\/lantier.solutions\/","name":"Lantier","description":"","potentialAction":[{"@type":"SearchAction","target":{"@type":"EntryPoint","urlTemplate":"https:\/\/lantier.solutions\/?s={search_term_string}"},"query-input":{"@type":"PropertyValueSpecification","valueRequired":true,"valueName":"search_term_string"}}],"inLanguage":"es"}]}},"_links":{"self":[{"href":"https:\/\/lantier.solutions\/es\/wp-json\/wp\/v2\/pages\/60935","targetHints":{"allow":["GET"]}}],"collection":[{"href":"https:\/\/lantier.solutions\/es\/wp-json\/wp\/v2\/pages"}],"about":[{"href":"https:\/\/lantier.solutions\/es\/wp-json\/wp\/v2\/types\/page"}],"author":[{"embeddable":true,"href":"https:\/\/lantier.solutions\/es\/wp-json\/wp\/v2\/users\/3"}],"replies":[{"embeddable":true,"href":"https:\/\/lantier.solutions\/es\/wp-json\/wp\/v2\/comments?post=60935"}],"version-history":[{"count":5,"href":"https:\/\/lantier.solutions\/es\/wp-json\/wp\/v2\/pages\/60935\/revisions"}],"predecessor-version":[{"id":61420,"href":"https:\/\/lantier.solutions\/es\/wp-json\/wp\/v2\/pages\/60935\/revisions\/61420"}],"wp:attachment":[{"href":"https:\/\/lantier.solutions\/es\/wp-json\/wp\/v2\/media?parent=60935"}],"curies":[{"name":"wp","href":"https:\/\/api.w.org\/{rel}","templated":true}]}}