{"id":61637,"date":"2023-10-09T10:53:00","date_gmt":"2023-10-09T10:53:00","guid":{"rendered":"https:\/\/lantier.solutions\/?page_id=61637"},"modified":"2023-11-06T07:31:07","modified_gmt":"2023-11-06T07:31:07","slug":"compromiso-medioambiental","status":"publish","type":"page","link":"https:\/\/lantier.solutions\/es\/compromiso-medioambiental\/","title":{"rendered":"Compromiso medioambiental"},"content":{"rendered":"<section class=\"wpb-content-wrapper\"><p>[vc_row][vc_column width=\u00bb1\/2&#8243;][vc_row_inner][vc_column_inner width=\u00bb1\/3&#8243;][vc_single_image image=\u00bb61643&#8243; img_size=\u00bbfull\u00bb][\/vc_column_inner][vc_column_inner width=\u00bb2\/3&#8243;][\/vc_column_inner][vc_column_inner][vc_column_text]<\/p>\n<h1 style=\"font-weight: 200;\">#NextGenerationEU<\/h1>\n<h1><b>Plan de Recuperaci\u00f3n, Transformaci\u00f3n &amp; Resiliencia<\/b><\/h1>\n<p>[\/vc_column_text][\/vc_column_inner][\/vc_row_inner][vc_column_text css=\u00bb.vc_custom_1699255863037{margin-top: 50px !important;}\u00bb]En Lantier, nos esforzamos en la mejora de la eficiencia energ\u00e9tica en nuestras instalaciones. A principios del 2023, instalamos 176 paneles solares fotovoltaicos (66 kWn) de \u00faltima generaci\u00f3n para reducir el consumo de energ\u00eda el\u00e9ctrica de la red.[\/vc_column_text][\/vc_column][vc_column width=\u00bb1\/2&#8243;][vc_single_image image=\u00bb61659&#8243; img_size=\u00bbfull\u00bb][\/vc_column][\/vc_row][vc_row][vc_column][\/vc_column][\/vc_row][vc_row][vc_column width=\u00bb1\/3&#8243;][vc_column_text]<\/p>\n<p style=\"text-align: left;\">Esta inversi\u00f3n ha permitido a Lantier lograr, durante el primer semestre del a\u00f1o, un 30% de autoconsumo.<\/p>\n<p>La instalaci\u00f3n de placas fotovoltaicas (Potencia pico de 81 kW) est\u00e1 vinculada a la estrategia de ahorro energ\u00e9tico y al compromiso de Lantier con el medioambiente.[\/vc_column_text][\/vc_column][vc_column width=\u00bb1\/3&#8243;][vc_column_text]<\/p>\n<p style=\"text-align: left;\">El uso de energ\u00eda verde en la actividad diaria de la empresa es nuestra contribuci\u00f3n para reducir las emisiones de CO\u2082, y disminuir los desequilibrios del efecto invernadero, que provoca el calentamiento global que sufre nuestro planeta.<\/p>\n<p>[\/vc_column_text][\/vc_column][vc_column width=\u00bb1\/3&#8243;][vc_column_text]<\/p>\n<p style=\"text-align: left;\">Esta instalaci\u00f3n ha sido posible en parte, gracias a la financiaci\u00f3n del Fondo Europeo de Desarrollo Regional. Econom\u00eda baja en carbono.<\/p>\n<p>[\/vc_column_text][\/vc_column][\/vc_row][vc_row][vc_column][vc_single_image image=\u00bb61649&#8243; img_size=\u00bbfull\u00bb][\/vc_column][\/vc_row]<\/p>\n<\/section>","protected":false},"excerpt":{"rendered":"<p>[vc_row][vc_column width=\u00bb1\/2&#8243;][vc_row_inner][vc_column_inner width=\u00bb1\/3&#8243;][vc_single_image image=\u00bb61643&#8243; img_size=\u00bbfull\u00bb][\/vc_column_inner][vc_column_inner width=\u00bb2\/3&#8243;][\/vc_column_inner][vc_column_inner][vc_column_text] #NextGenerationEU Plan de Recuperaci\u00f3n, Transformaci\u00f3n &amp; Resiliencia [\/vc_column_text][\/vc_column_inner][\/vc_row_inner][vc_column_text css=\u00bb.vc_custom_1699255863037{margin-top: 50px !important;}\u00bb]En Lantier, nos esforzamos en la mejora de la eficiencia energ\u00e9tica en nuestras instalaciones. A principios del 2023, instalamos 176 paneles solares fotovoltaicos (66 kWn) de \u00faltima generaci\u00f3n para reducir el consumo de energ\u00eda el\u00e9ctrica de la red.[\/vc_column_text][\/vc_column][vc_column width=\u00bb1\/2&#8243;][vc_single_image&hellip;<\/p>\n","protected":false},"author":2,"featured_media":0,"parent":0,"menu_order":111,"comment_status":"closed","ping_status":"closed","template":"","meta":{"footnotes":""},"class_list":["post-61637","page","type-page","status-publish","hentry","description-off"],"yoast_head":"<!-- This site is optimized with the Yoast SEO plugin v24.9 - https:\/\/yoast.com\/wordpress\/plugins\/seo\/ -->\n<title>Compromiso medioambiental - Lantier<\/title>\n<meta name=\"robots\" content=\"index, follow, max-snippet:-1, max-image-preview:large, max-video-preview:-1\" \/>\n<link rel=\"canonical\" href=\"https:\/\/lantier.solutions\/es\/compromiso-medioambiental\/\" \/>\n<meta property=\"og:locale\" content=\"es_ES\" \/>\n<meta property=\"og:type\" content=\"article\" \/>\n<meta property=\"og:title\" content=\"Compromiso medioambiental - Lantier\" \/>\n<meta property=\"og:description\" content=\"[vc_row][vc_column width=\u00bb1\/2&#8243;][vc_row_inner][vc_column_inner width=\u00bb1\/3&#8243;][vc_single_image image=\u00bb61643&#8243; img_size=\u00bbfull\u00bb][\/vc_column_inner][vc_column_inner width=\u00bb2\/3&#8243;][\/vc_column_inner][vc_column_inner][vc_column_text] #NextGenerationEU Plan de Recuperaci\u00f3n, Transformaci\u00f3n &amp; Resiliencia [\/vc_column_text][\/vc_column_inner][\/vc_row_inner][vc_column_text css=\u00bb.vc_custom_1699255863037{margin-top: 50px !important;}\u00bb]En Lantier, nos esforzamos en la mejora de la eficiencia energ\u00e9tica en nuestras instalaciones. A principios del 2023, instalamos 176 paneles solares fotovoltaicos (66 kWn) de \u00faltima generaci\u00f3n para reducir el consumo de energ\u00eda el\u00e9ctrica de la red.[\/vc_column_text][\/vc_column][vc_column width=\u00bb1\/2&#8243;][vc_single_image&hellip;\" \/>\n<meta property=\"og:url\" content=\"https:\/\/lantier.solutions\/es\/compromiso-medioambiental\/\" \/>\n<meta property=\"og:site_name\" content=\"Lantier\" \/>\n<meta property=\"article:modified_time\" content=\"2023-11-06T07:31:07+00:00\" \/>\n<meta name=\"twitter:card\" content=\"summary_large_image\" \/>\n<meta name=\"twitter:label1\" content=\"Tiempo de lectura\" \/>\n\t<meta name=\"twitter:data1\" content=\"1 minuto\" \/>\n<script type=\"application\/ld+json\" class=\"yoast-schema-graph\">{\"@context\":\"https:\/\/schema.org\",\"@graph\":[{\"@type\":\"WebPage\",\"@id\":\"https:\/\/lantier.solutions\/es\/compromiso-medioambiental\/\",\"url\":\"https:\/\/lantier.solutions\/es\/compromiso-medioambiental\/\",\"name\":\"Compromiso medioambiental - Lantier\",\"isPartOf\":{\"@id\":\"https:\/\/lantier.solutions\/#website\"},\"datePublished\":\"2023-10-09T10:53:00+00:00\",\"dateModified\":\"2023-11-06T07:31:07+00:00\",\"breadcrumb\":{\"@id\":\"https:\/\/lantier.solutions\/es\/compromiso-medioambiental\/#breadcrumb\"},\"inLanguage\":\"es\",\"potentialAction\":[{\"@type\":\"ReadAction\",\"target\":[\"https:\/\/lantier.solutions\/es\/compromiso-medioambiental\/\"]}]},{\"@type\":\"BreadcrumbList\",\"@id\":\"https:\/\/lantier.solutions\/es\/compromiso-medioambiental\/#breadcrumb\",\"itemListElement\":[{\"@type\":\"ListItem\",\"position\":1,\"name\":\"Home\",\"item\":\"https:\/\/lantier.solutions\/es\/\"},{\"@type\":\"ListItem\",\"position\":2,\"name\":\"Compromiso medioambiental\"}]},{\"@type\":\"WebSite\",\"@id\":\"https:\/\/lantier.solutions\/#website\",\"url\":\"https:\/\/lantier.solutions\/\",\"name\":\"Lantier\",\"description\":\"\",\"potentialAction\":[{\"@type\":\"SearchAction\",\"target\":{\"@type\":\"EntryPoint\",\"urlTemplate\":\"https:\/\/lantier.solutions\/?s={search_term_string}\"},\"query-input\":{\"@type\":\"PropertyValueSpecification\",\"valueRequired\":true,\"valueName\":\"search_term_string\"}}],\"inLanguage\":\"es\"}]}<\/script>\n<!-- \/ Yoast SEO plugin. -->","yoast_head_json":{"title":"Compromiso medioambiental - Lantier","robots":{"index":"index","follow":"follow","max-snippet":"max-snippet:-1","max-image-preview":"max-image-preview:large","max-video-preview":"max-video-preview:-1"},"canonical":"https:\/\/lantier.solutions\/es\/compromiso-medioambiental\/","og_locale":"es_ES","og_type":"article","og_title":"Compromiso medioambiental - Lantier","og_description":"[vc_row][vc_column width=\u00bb1\/2&#8243;][vc_row_inner][vc_column_inner width=\u00bb1\/3&#8243;][vc_single_image image=\u00bb61643&#8243; img_size=\u00bbfull\u00bb][\/vc_column_inner][vc_column_inner width=\u00bb2\/3&#8243;][\/vc_column_inner][vc_column_inner][vc_column_text] #NextGenerationEU Plan de Recuperaci\u00f3n, Transformaci\u00f3n &amp; Resiliencia [\/vc_column_text][\/vc_column_inner][\/vc_row_inner][vc_column_text css=\u00bb.vc_custom_1699255863037{margin-top: 50px !important;}\u00bb]En Lantier, nos esforzamos en la mejora de la eficiencia energ\u00e9tica en nuestras instalaciones. A principios del 2023, instalamos 176 paneles solares fotovoltaicos (66 kWn) de \u00faltima generaci\u00f3n para reducir el consumo de energ\u00eda el\u00e9ctrica de la red.[\/vc_column_text][\/vc_column][vc_column width=\u00bb1\/2&#8243;][vc_single_image&hellip;","og_url":"https:\/\/lantier.solutions\/es\/compromiso-medioambiental\/","og_site_name":"Lantier","article_modified_time":"2023-11-06T07:31:07+00:00","twitter_card":"summary_large_image","twitter_misc":{"Tiempo de lectura":"1 minuto"},"schema":{"@context":"https:\/\/schema.org","@graph":[{"@type":"WebPage","@id":"https:\/\/lantier.solutions\/es\/compromiso-medioambiental\/","url":"https:\/\/lantier.solutions\/es\/compromiso-medioambiental\/","name":"Compromiso medioambiental - Lantier","isPartOf":{"@id":"https:\/\/lantier.solutions\/#website"},"datePublished":"2023-10-09T10:53:00+00:00","dateModified":"2023-11-06T07:31:07+00:00","breadcrumb":{"@id":"https:\/\/lantier.solutions\/es\/compromiso-medioambiental\/#breadcrumb"},"inLanguage":"es","potentialAction":[{"@type":"ReadAction","target":["https:\/\/lantier.solutions\/es\/compromiso-medioambiental\/"]}]},{"@type":"BreadcrumbList","@id":"https:\/\/lantier.solutions\/es\/compromiso-medioambiental\/#breadcrumb","itemListElement":[{"@type":"ListItem","position":1,"name":"Home","item":"https:\/\/lantier.solutions\/es\/"},{"@type":"ListItem","position":2,"name":"Compromiso medioambiental"}]},{"@type":"WebSite","@id":"https:\/\/lantier.solutions\/#website","url":"https:\/\/lantier.solutions\/","name":"Lantier","description":"","potentialAction":[{"@type":"SearchAction","target":{"@type":"EntryPoint","urlTemplate":"https:\/\/lantier.solutions\/?s={search_term_string}"},"query-input":{"@type":"PropertyValueSpecification","valueRequired":true,"valueName":"search_term_string"}}],"inLanguage":"es"}]}},"_links":{"self":[{"href":"https:\/\/lantier.solutions\/es\/wp-json\/wp\/v2\/pages\/61637","targetHints":{"allow":["GET"]}}],"collection":[{"href":"https:\/\/lantier.solutions\/es\/wp-json\/wp\/v2\/pages"}],"about":[{"href":"https:\/\/lantier.solutions\/es\/wp-json\/wp\/v2\/types\/page"}],"author":[{"embeddable":true,"href":"https:\/\/lantier.solutions\/es\/wp-json\/wp\/v2\/users\/2"}],"replies":[{"embeddable":true,"href":"https:\/\/lantier.solutions\/es\/wp-json\/wp\/v2\/comments?post=61637"}],"version-history":[{"count":14,"href":"https:\/\/lantier.solutions\/es\/wp-json\/wp\/v2\/pages\/61637\/revisions"}],"predecessor-version":[{"id":61665,"href":"https:\/\/lantier.solutions\/es\/wp-json\/wp\/v2\/pages\/61637\/revisions\/61665"}],"wp:attachment":[{"href":"https:\/\/lantier.solutions\/es\/wp-json\/wp\/v2\/media?parent=61637"}],"curies":[{"name":"wp","href":"https:\/\/api.w.org\/{rel}","templated":true}]}}