{"id":61698,"date":"2022-08-01T11:28:59","date_gmt":"2022-08-01T11:28:59","guid":{"rendered":"https:\/\/lantier.solutions\/cookie-policy\/"},"modified":"2023-12-18T10:52:00","modified_gmt":"2023-12-18T10:52:00","slug":"cookie-policy","status":"publish","type":"page","link":"https:\/\/lantier.solutions\/fr\/cookie-policy\/","title":{"rendered":"Cookie policy"},"content":{"rendered":"<section>\n<div class=\"cuerpo texto\">\n<div class=\"container\">\n<div class=\"row\">\n<h4><strong>CUANDO SE ACCEDE A LA P\u00c1GINA WEB<\/strong><\/h4>\n<p>Utilizamos cookies propias y de terceros para mejorar nuestros servicios y mostrarle publicidad relacionada con sus preferencias mediante el an\u00e1lisis de sus h\u00e1bitos de navegaci\u00f3n. Si contin\u00faa navegando, consideramos que acepta su uso. Puede cambiar la configuraci\u00f3n y obtener m\u00e1s informaci\u00f3n aqu\u00ed.<\/p>\n<h4><strong>INFORMACI\u00d3N ADICIONAL<\/strong><\/h4>\n<p><strong>\u00bfQu\u00e9 son las cookies?<\/strong><\/p>\n<p>Una cookie es un fichero que se descarga en su ordenador al acceder a determinadas p\u00e1ginas web. Las cookies permiten a una p\u00e1gina web, entre otras cosas, almacenar y recuperar informaci\u00f3n sobre los h\u00e1bitos de navegaci\u00f3n de un usuario o de su equipo y, dependiendo de la informaci\u00f3n que contengan y de la forma en que utilice su equipo, pueden utilizarse para reconocer al usuario.<\/p>\n<p><strong>\u00bfQui\u00e9n usa la informaci\u00f3n almacenada en las cookies?<\/strong><\/p>\n<p>La informaci\u00f3n almacenada en las cookies de nuestro sitio web es usada exclusivamente por nosotros, a excepci\u00f3n de la de Google Analytics, que es usada y gestionada por Google y por nosotros con fines estad\u00edsticos.<\/p>\n<p><strong>\u00bfQu\u00e9 tipos de cookies utiliza esta p\u00e1gina web?<\/strong><\/p>\n<p>Este sitio web utiliza cookies de presentaci\u00f3n, es decir, las cookies propias, para controlar la sesi\u00f3n del usuario. Adem\u00e1s, cuenta con cookies de Google Analytics, con la finalidad de guardar las estad\u00edsticas de las visitas.<\/p>\n<h3>G<strong>esti\u00f3n de cookies.<\/strong><\/h3>\n<p>Usted puede permitir, bloquear o eliminar las cookies instaladas en su equipo mediante la configuraci\u00f3n de las opciones del navegador que utilice en su terminal o dispositivo. Los pasos para hacerlo son diferentes en cada navegador.<\/p>\n<p>En caso de que no permita la instalaci\u00f3n de cookies, es posible que no pueda acceder a todas las secciones de la presente p\u00e1gina web o no pueda utilizar todas las funcionalidades que le ofrece esta p\u00e1gina web.<\/p>\n<p>A continuaci\u00f3n, le indicamos los enlaces a distintos navegadores donde encontrar\u00e1 las instrucciones para poder controlar las cookies que se almacenan en su equipo dependiendo del navegador que utilice.<\/p>\n<p>Google Chrome<\/p>\n<p>https:\/\/support.google.com\/chrome\/answer\/95647?p=cpn_cookies&#038;rd=1<\/p>\n<p>Windows Internet Explorer 7 y Windows Internet Explorer 8<\/p>\n<p>http:\/\/windows.microsoft.com\/es-es\/windows-vista\/block-or-allow-cookies<\/p>\n<p>Mozilla Firefox<\/p>\n<p>http:\/\/support.mozilla.org\/es\/kb\/habilitar-y-deshabilitar-cookies-que-los-sitios-we<\/p>\n<p>Opera<\/p>\n<p>http:\/\/help.opera.com\/Linux\/10.60\/es-ES\/cookies.html<\/p>\n<p>Tenga en cuenta que el bloqueo de cookies puede afectar a todas o algunas de las funcionalidades de nuestra web.<\/p>\n<h4><strong>Cambios en la pol\u00edtica de cookies<\/strong><\/h4>\n<p>La presente web puede ser modificada y, en consecuencia, ser necesario modificar la presente Pol\u00edtica de Cookies, tambi\u00e9n puede ser necesario cambiar la misma debido a modificaciones o exigencias legales, por lo que aconsejamos a los usuarios que la consulten peri\u00f3dicamente.<\/p>\n<p>En el caso de que los cambios sean significativos, la nueva Pol\u00edtica de Cookies se comunicar\u00e1 a los usuarios mediante un aviso en la presente web.<\/p>\n<\/div>\n<\/div>\n<\/div>\n<\/section>\n<div id=\"footer\">\n<div class=\"footer\">\n<div class=\"container\">\n<div class=\"row\"><\/div>\n<\/div>\n<\/div>\n<\/div>\n","protected":false},"excerpt":{"rendered":"<p>CUANDO SE ACCEDE A LA P\u00c1GINA WEB Utilizamos cookies propias y de terceros para mejorar nuestros servicios y mostrarle publicidad relacionada con sus preferencias mediante el an\u00e1lisis de sus h\u00e1bitos de navegaci\u00f3n. Si contin\u00faa navegando, consideramos que acepta su uso. Puede cambiar la configuraci\u00f3n y obtener m\u00e1s informaci\u00f3n aqu\u00ed. INFORMACI\u00d3N ADICIONAL \u00bfQu\u00e9 son las cookies?&hellip;<\/p>\n","protected":false},"author":2,"featured_media":0,"parent":0,"menu_order":10,"comment_status":"closed","ping_status":"closed","template":"","meta":{"footnotes":""},"class_list":["post-61698","page","type-page","status-publish","hentry","description-off"],"yoast_head":"<!-- This site is optimized with the Yoast SEO plugin v24.9 - https:\/\/yoast.com\/wordpress\/plugins\/seo\/ -->\n<title>Cookie policy - Lantier<\/title>\n<meta name=\"robots\" content=\"index, follow, max-snippet:-1, max-image-preview:large, max-video-preview:-1\" \/>\n<link rel=\"canonical\" href=\"https:\/\/lantier.solutions\/fr\/cookie-policy\/\" \/>\n<meta property=\"og:locale\" content=\"fr_FR\" \/>\n<meta property=\"og:type\" content=\"article\" \/>\n<meta property=\"og:title\" content=\"Cookie policy - Lantier\" \/>\n<meta property=\"og:description\" content=\"CUANDO SE ACCEDE A LA P\u00c1GINA WEB Utilizamos cookies propias y de terceros para mejorar nuestros servicios y mostrarle publicidad relacionada con sus preferencias mediante el an\u00e1lisis de sus h\u00e1bitos de navegaci\u00f3n. Si contin\u00faa navegando, consideramos que acepta su uso. Puede cambiar la configuraci\u00f3n y obtener m\u00e1s informaci\u00f3n aqu\u00ed. INFORMACI\u00d3N ADICIONAL \u00bfQu\u00e9 son las cookies?&hellip;\" \/>\n<meta property=\"og:url\" content=\"https:\/\/lantier.solutions\/fr\/cookie-policy\/\" \/>\n<meta property=\"og:site_name\" content=\"Lantier\" \/>\n<meta property=\"article:modified_time\" content=\"2023-12-18T10:52:00+00:00\" \/>\n<meta name=\"twitter:card\" content=\"summary_large_image\" \/>\n<meta name=\"twitter:label1\" content=\"Dur\u00e9e de lecture estim\u00e9e\" \/>\n\t<meta name=\"twitter:data1\" content=\"2 minutes\" \/>\n<script type=\"application\/ld+json\" class=\"yoast-schema-graph\">{\"@context\":\"https:\/\/schema.org\",\"@graph\":[{\"@type\":\"WebPage\",\"@id\":\"https:\/\/lantier.solutions\/fr\/cookie-policy\/\",\"url\":\"https:\/\/lantier.solutions\/fr\/cookie-policy\/\",\"name\":\"Cookie policy - Lantier\",\"isPartOf\":{\"@id\":\"https:\/\/lantier.solutions\/#website\"},\"datePublished\":\"2022-08-01T11:28:59+00:00\",\"dateModified\":\"2023-12-18T10:52:00+00:00\",\"breadcrumb\":{\"@id\":\"https:\/\/lantier.solutions\/fr\/cookie-policy\/#breadcrumb\"},\"inLanguage\":\"fr-FR\",\"potentialAction\":[{\"@type\":\"ReadAction\",\"target\":[\"https:\/\/lantier.solutions\/fr\/cookie-policy\/\"]}]},{\"@type\":\"BreadcrumbList\",\"@id\":\"https:\/\/lantier.solutions\/fr\/cookie-policy\/#breadcrumb\",\"itemListElement\":[{\"@type\":\"ListItem\",\"position\":1,\"name\":\"Home\",\"item\":\"https:\/\/lantier.solutions\/fr\/\"},{\"@type\":\"ListItem\",\"position\":2,\"name\":\"Cookie policy\"}]},{\"@type\":\"WebSite\",\"@id\":\"https:\/\/lantier.solutions\/#website\",\"url\":\"https:\/\/lantier.solutions\/\",\"name\":\"Lantier\",\"description\":\"\",\"potentialAction\":[{\"@type\":\"SearchAction\",\"target\":{\"@type\":\"EntryPoint\",\"urlTemplate\":\"https:\/\/lantier.solutions\/?s={search_term_string}\"},\"query-input\":{\"@type\":\"PropertyValueSpecification\",\"valueRequired\":true,\"valueName\":\"search_term_string\"}}],\"inLanguage\":\"fr-FR\"}]}<\/script>\n<!-- \/ Yoast SEO plugin. -->","yoast_head_json":{"title":"Cookie policy - Lantier","robots":{"index":"index","follow":"follow","max-snippet":"max-snippet:-1","max-image-preview":"max-image-preview:large","max-video-preview":"max-video-preview:-1"},"canonical":"https:\/\/lantier.solutions\/fr\/cookie-policy\/","og_locale":"fr_FR","og_type":"article","og_title":"Cookie policy - Lantier","og_description":"CUANDO SE ACCEDE A LA P\u00c1GINA WEB Utilizamos cookies propias y de terceros para mejorar nuestros servicios y mostrarle publicidad relacionada con sus preferencias mediante el an\u00e1lisis de sus h\u00e1bitos de navegaci\u00f3n. Si contin\u00faa navegando, consideramos que acepta su uso. Puede cambiar la configuraci\u00f3n y obtener m\u00e1s informaci\u00f3n aqu\u00ed. INFORMACI\u00d3N ADICIONAL \u00bfQu\u00e9 son las cookies?&hellip;","og_url":"https:\/\/lantier.solutions\/fr\/cookie-policy\/","og_site_name":"Lantier","article_modified_time":"2023-12-18T10:52:00+00:00","twitter_card":"summary_large_image","twitter_misc":{"Dur\u00e9e de lecture estim\u00e9e":"2 minutes"},"schema":{"@context":"https:\/\/schema.org","@graph":[{"@type":"WebPage","@id":"https:\/\/lantier.solutions\/fr\/cookie-policy\/","url":"https:\/\/lantier.solutions\/fr\/cookie-policy\/","name":"Cookie policy - Lantier","isPartOf":{"@id":"https:\/\/lantier.solutions\/#website"},"datePublished":"2022-08-01T11:28:59+00:00","dateModified":"2023-12-18T10:52:00+00:00","breadcrumb":{"@id":"https:\/\/lantier.solutions\/fr\/cookie-policy\/#breadcrumb"},"inLanguage":"fr-FR","potentialAction":[{"@type":"ReadAction","target":["https:\/\/lantier.solutions\/fr\/cookie-policy\/"]}]},{"@type":"BreadcrumbList","@id":"https:\/\/lantier.solutions\/fr\/cookie-policy\/#breadcrumb","itemListElement":[{"@type":"ListItem","position":1,"name":"Home","item":"https:\/\/lantier.solutions\/fr\/"},{"@type":"ListItem","position":2,"name":"Cookie policy"}]},{"@type":"WebSite","@id":"https:\/\/lantier.solutions\/#website","url":"https:\/\/lantier.solutions\/","name":"Lantier","description":"","potentialAction":[{"@type":"SearchAction","target":{"@type":"EntryPoint","urlTemplate":"https:\/\/lantier.solutions\/?s={search_term_string}"},"query-input":{"@type":"PropertyValueSpecification","valueRequired":true,"valueName":"search_term_string"}}],"inLanguage":"fr-FR"}]}},"_links":{"self":[{"href":"https:\/\/lantier.solutions\/fr\/wp-json\/wp\/v2\/pages\/61698","targetHints":{"allow":["GET"]}}],"collection":[{"href":"https:\/\/lantier.solutions\/fr\/wp-json\/wp\/v2\/pages"}],"about":[{"href":"https:\/\/lantier.solutions\/fr\/wp-json\/wp\/v2\/types\/page"}],"author":[{"embeddable":true,"href":"https:\/\/lantier.solutions\/fr\/wp-json\/wp\/v2\/users\/2"}],"replies":[{"embeddable":true,"href":"https:\/\/lantier.solutions\/fr\/wp-json\/wp\/v2\/comments?post=61698"}],"version-history":[{"count":1,"href":"https:\/\/lantier.solutions\/fr\/wp-json\/wp\/v2\/pages\/61698\/revisions"}],"predecessor-version":[{"id":61713,"href":"https:\/\/lantier.solutions\/fr\/wp-json\/wp\/v2\/pages\/61698\/revisions\/61713"}],"wp:attachment":[{"href":"https:\/\/lantier.solutions\/fr\/wp-json\/wp\/v2\/media?parent=61698"}],"curies":[{"name":"wp","href":"https:\/\/api.w.org\/{rel}","templated":true}]}}