{"id":61733,"date":"2021-08-24T13:39:11","date_gmt":"2021-08-24T13:39:11","guid":{"rendered":"https:\/\/lantier.solutions\/services\/"},"modified":"2023-12-19T10:24:36","modified_gmt":"2023-12-19T10:24:36","slug":"services","status":"publish","type":"page","link":"https:\/\/lantier.solutions\/fr\/services\/","title":{"rendered":"Services"},"content":{"rendered":"<section class=\"wpb-content-wrapper\"><p>[vc_row][vc_column][vc_empty_space height=\u00a0\u00bb60px\u00a0\u00bb][\/vc_column][\/vc_row][vc_row][vc_column width=\u00a0\u00bb1\/2&Prime;][vc_column_text]<\/p>\n<h1><b>Lantier:<\/b><br \/>\n<span style=\"font-weight: 400;\">solutions,<br \/>\ntechnologie<br \/>\net service<\/span><\/h1>\n<p>[\/vc_column_text][vc_column_text]<span style=\"font-weight: 400;\">Chez <strong>Lantier<\/strong>, nous croyons que le service et le soutien \u00e0 la client\u00e8le, c&rsquo;est \u00eatre l\u00e0 quand nos clients en ont besoin, les conseiller et les accompagner dans leur prise de d\u00e9cision quant \u00e0 la meilleure solution technologique pour leur machine \u00e0 papier, avec des solutions novatrices.<\/span><\/p>\n<p><span style=\"font-weight: 400;\">Gr\u00e2ce \u00e0 <strong>Lantier<\/strong> Solutions et \u00e0 son exp\u00e9rience, nous comprenons les besoins de chaque client et nous fournissons les solutions appropri\u00e9es qui permettent d&rsquo;atteindre les objectifs requis par chaque machine \u00e0 papier de chaque client.<\/span><\/p>\n<p><span style=\"font-weight: 400;\">La technologie, l&rsquo;innovation, la capacit\u00e9 de production et m\u00eame la personnalisation des racles sont les piliers reconnus du Service que <strong>Lantier<\/strong> offre au march\u00e9.<\/span>[\/vc_column_text][vc_empty_space height=\u00a0\u00bb60px\u00a0\u00bb][\/vc_column][vc_column width=\u00a0\u00bb1\/2&Prime;][vc_single_image image=\u00a0\u00bb58869&Prime; img_size=\u00a0\u00bbfull\u00a0\u00bb][vc_column_text]<\/p>\n<h3><span style=\"font-weight: 400;\">Nos ing\u00e9nieurs de service offrent un support technique local pour L\u2019\u00e9quipements du <strong>Lantier<\/strong> et pour tout autre fabricant.<\/span><\/h3>\n<p>[\/vc_column_text][vc_empty_space height=\u00a0\u00bb60px\u00a0\u00bb][\/vc_column][\/vc_row][vc_row][vc_column width=\u00a0\u00bb1\/2&Prime; offset=\u00a0\u00bbvc_col-xs-6&Prime;][vc_row_inner][vc_column_inner width=\u00a0\u00bb1\/6&Prime;][vc_single_image image=\u00a0\u00bb61734&Prime; img_size=\u00a0\u00bbfull\u00a0\u00bb][\/vc_column_inner][vc_column_inner width=\u00a0\u00bb5\/6&Prime;][vc_column_text]<strong style=\"color: #006bb5;\">Instalation, ajustement<\/strong><br \/>\n<strong style=\"color: #006bb5;\">et Services Start-up<\/strong>[\/vc_column_text][\/vc_column_inner][\/vc_row_inner][vc_row_inner][vc_column_inner width=\u00a0\u00bb1\/6&Prime;][vc_single_image image=\u00a0\u00bb57903&Prime; img_size=\u00a0\u00bbfull\u00a0\u00bb][\/vc_column_inner][vc_column_inner width=\u00a0\u00bb5\/6&Prime;][vc_column_text]<strong style=\"color: #006bb5;\"> Mesure du vibration<br \/>\nEt conseil pour les<br \/>\nexperts du Lantier <\/strong>[\/vc_column_text][\/vc_column_inner][\/vc_row_inner][vc_row_inner][vc_column_inner width=\u00a0\u00bb1\/6&Prime;][vc_single_image image=\u00a0\u00bb57904&Prime; img_size=\u00a0\u00bbfull\u00a0\u00bb][\/vc_column_inner][vc_column_inner width=\u00a0\u00bb5\/6&Prime;][vc_column_text]<strong style=\"color: #006bb5;\">Compl\u00e9t nouveau ou reconstruire du<\/strong><br \/>\n<strong style=\"color: #006bb5;\">equipement existant<br \/>\nEt conseil pour les experts du Lantier <\/strong>[\/vc_column_text][\/vc_column_inner][\/vc_row_inner][vc_row_inner][vc_column_inner width=\u00a0\u00bb1\/6&Prime;][vc_single_image image=\u00a0\u00bb57905&Prime; img_size=\u00a0\u00bbfull\u00a0\u00bb][\/vc_column_inner][vc_column_inner width=\u00a0\u00bb5\/6&Prime;][vc_column_text]<strong style=\"color: #006bb5;\">Services<\/strong><br \/>\n<strong style=\"color: #006bb5;\">du mesurage<\/strong>[\/vc_column_text][\/vc_column_inner][\/vc_row_inner][\/vc_column][vc_column width=\u00a0\u00bb1\/2&Prime; offset=\u00a0\u00bbvc_col-xs-6&Prime;][vc_row_inner][vc_column_inner width=\u00a0\u00bb1\/6&Prime;][vc_single_image image=\u00a0\u00bb57906&Prime; img_size=\u00a0\u00bbfull\u00a0\u00bb][\/vc_column_inner][vc_column_inner width=\u00a0\u00bb5\/6&Prime;][vc_column_text]<strong style=\"color: #006bb5;\">Services de entretien de Lantier ou la <\/strong><br \/>\n<strong style=\"color: #006bb5;\">marque du equipement<\/strong>[\/vc_column_text][\/vc_column_inner][\/vc_row_inner][vc_row_inner][vc_column_inner width=\u00a0\u00bb1\/6&Prime;][vc_single_image image=\u00a0\u00bb57907&Prime; img_size=\u00a0\u00bbfull\u00a0\u00bb][\/vc_column_inner][vc_column_inner width=\u00a0\u00bb5\/6&Prime;][vc_column_text]<strong style=\"color: #006bb5;\">Information technique \/ <\/strong><br \/>\n<strong style=\"color: #006bb5;\">Conseil<\/strong>[\/vc_column_text][\/vc_column_inner][\/vc_row_inner][vc_row_inner][vc_column_inner width=\u00a0\u00bb1\/6&Prime;][vc_single_image image=\u00a0\u00bb57908&Prime; img_size=\u00a0\u00bbfull\u00a0\u00bb][\/vc_column_inner][vc_column_inner width=\u00a0\u00bb5\/6&Prime;][vc_column_text]<strong style=\"color: #006bb5;\">Examination de la machine \/<\/strong><br \/>\n<strong style=\"color: #006bb5;\">Inspection.<\/strong>[\/vc_column_text][\/vc_column_inner][\/vc_row_inner][vc_row_inner][vc_column_inner width=\u00a0\u00bb1\/6&Prime;][vc_single_image image=\u00a0\u00bb57910&Prime; img_size=\u00a0\u00bbfull\u00a0\u00bb][\/vc_column_inner][vc_column_inner width=\u00a0\u00bb5\/6&Prime;][vc_column_text]<strong style=\"color: #006bb5;\">Services du Lame<br \/>\nde Docteur<\/strong>[\/vc_column_text][\/vc_column_inner][\/vc_row_inner][\/vc_column][\/vc_row][vc_row][vc_column][vc_empty_space height=\u00a0\u00bb60px\u00a0\u00bb][vc_separator color=\u00a0\u00bbblack\u00a0\u00bb][vc_empty_space height=\u00a0\u00bb60px\u00a0\u00bb][\/vc_column][\/vc_row][vc_row][vc_column][vc_empty_space height=\u00a0\u00bb60px\u00a0\u00bb][vc_column_text]<\/p>\n<h2 style=\"font-weight: 400;\">Services du<br \/>\n<b>Lame de<br \/>\nDocteur<\/b><\/h2>\n<p>[\/vc_column_text][vc_empty_space height=\u00a0\u00bb60px\u00a0\u00bb][\/vc_column][\/vc_row][vc_row][vc_column width=\u00a0\u00bb1\/4&Prime;][vc_column_text]<\/p>\n<h3 style=\"font-weight: 400; color: #006bb5; font-family: 'Nunito Sans';\">Lantier<br \/>\nService \u00e0 <b>domicile<\/b><\/h3>\n<p>[\/vc_column_text][vc_column_text]<span style=\"font-weight: 400;\">Nos experts vous accompagnent par voie t\u00e9l\u00e9matique en vous conseillant les meilleures lames \u00e0 utiliser et les bons r\u00e9glages d&rsquo;angle et de pression.<\/span><\/p>\n<p><span style=\"font-weight: 400;\">Cela vous aidera \u00e0 optimiser l&rsquo;efficacit\u00e9 de votre machine \u00e0 papier.<\/span><\/p>\n<p><span style=\"font-weight: 400;\">Vous pouvez \u00e9galement nous envoyer vos lames usag\u00e9es pour analyse d&rsquo;usure dans les laboratoires <strong>Lantier<\/strong> et nous vous pr\u00e9parerons un rapport d\u00e9taill\u00e9.<\/span><\/p>\n<div id=\"gtx-trans\" style=\"position: absolute; left: 100px; top: 92px;\">\n<div class=\"gtx-trans-icon\"><\/div>\n<\/div>\n<p>[\/vc_column_text][vc_column_text css=\u00a0\u00bb.vc_custom_1702914105287{padding-right: 10px !important;padding-left: 10px !important;}\u00a0\u00bb]<\/p>\n<div style=\"background: #cccccc; padding: 10px;\">\n<h6>Avantages<\/h6>\n<ul>\n<li>Assistance instantan\u00e9e partout dans le monde.<\/li>\n<li>Assistance d&rsquo;experts par voie t\u00e9l\u00e9matique.<\/li>\n<li>Analyse d&rsquo;usure.<\/li>\n<\/ul>\n<\/div>\n<p>[\/vc_column_text][\/vc_column][vc_column width=\u00a0\u00bb1\/4&Prime;][vc_column_text]<\/p>\n<h3 style=\"font-weight: 400; color: #006bb5; font-family: 'Nunito Sans';\">Lantier<br \/>\nService <b>sur site<\/b><\/h3>\n<p>[\/vc_column_text][vc_column_text]<\/p>\n<div class=\"page\" title=\"Page 56\">\n<div class=\"layoutArea\">\n<div class=\"column\">\n<p><span style=\"font-weight: 400;\">En plus du service \u00e0 domicile, dans le service sur site, nos experts vous assisteront sur place en v\u00e9rifiant la position de chaque lame, en effectuant un audit de raclage, o\u00f9 plusieurs donn\u00e9es seront collect\u00e9es. Toutes ces informations seront analys\u00e9es dans un rapport tr\u00e8s complet.<\/span><\/p>\n<p><span style=\"font-weight: 400;\">Sur la base de ce rapport, nous proposerons un plan d&rsquo;action pour accro\u00eetre l&rsquo;efficacit\u00e9 de la m\u00e9decine gr\u00e2ce \u00e0 des solutions innovantes.<\/span><\/p>\n<p><span style=\"font-weight: 400;\">Le plan d&rsquo;action propos\u00e9 peut \u00eatre mis en \u0153uvre par vous, ou vous pouvez compter sur les \u00e9quipes du service externe de <strong>Lantier<\/strong> pour vous soutenir avec nos connaissances en mati\u00e8re de syst\u00e8mes m\u00e9dicaux.<\/span><\/p>\n<\/div>\n<\/div>\n<\/div>\n<p>[\/vc_column_text][vc_column_text css=\u00a0\u00bb.vc_custom_1702914315515{padding-right: 10px !important;padding-left: 10px !important;}\u00a0\u00bb]<\/p>\n<div style=\"background: #cccccc; padding: 10px;\">\n<h6>Advantages<\/h6>\n<ul>\n<li>Assistance d&rsquo;experts sur place.<\/li>\n<li>Audit doctorant.<\/li>\n<li>Analyse d&rsquo;usure.<\/li>\n<li>Rapport d\u00e9taill\u00e9 et plan d&rsquo;action.<\/li>\n<\/ul>\n<\/div>\n<p>[\/vc_column_text][\/vc_column][vc_column width=\u00a0\u00bb1\/4&Prime;][vc_column_text]<\/p>\n<h3 style=\"font-weight: 400; color: #006bb5; font-family: 'Nunito Sans';\">Lantier<br \/>\nService <b>Plus sur place<\/b><\/h3>\n<p>[\/vc_column_text][vc_column_text]<\/p>\n<div class=\"page\" title=\"Page 57\">\n<div class=\"layoutArea\">\n<div class=\"column\">\n<p><span style=\"font-weight: 400;\">En plus du service sur site, dans le service sur site Plus, nos experts seront sur place pour v\u00e9rifier p\u00e9riodiquement la position de chaque lame, en mettant en \u0153uvre le plan d&rsquo;action pour am\u00e9liorer l&rsquo;efficacit\u00e9 du doctorage.<\/span><\/p>\n<p><span style=\"font-weight: 400;\">Les experts en racles <strong>Lantier<\/strong> assureront avec vous le suivi et la tra\u00e7abilit\u00e9 de la consommation des lames afin d&rsquo;\u00e9viter d&rsquo;\u00e9ventuelles ruptures de stock.<\/span><\/p>\n<\/div>\n<\/div>\n<\/div>\n<p>[\/vc_column_text][vc_column_text css=\u00a0\u00bb.vc_custom_1702914283267{padding-right: 10px !important;padding-left: 10px !important;}\u00a0\u00bb]<\/p>\n<div style=\"background: #cccccc; padding: 10px;\">\n<h6>Advantages<\/h6>\n<ul>\n<li>Assistance d&rsquo;experts sur place.<\/li>\n<li>Audit doctorant.<\/li>\n<li>Analyse d&rsquo;usure.<\/li>\n<li>Mise en \u0153uvre du plan d&rsquo;action.<\/li>\n<li>Tra\u00e7abilit\u00e9 de la consommation des racles.<\/li>\n<li>Prise en charge de l&rsquo;organisation du stockage.<\/li>\n<\/ul>\n<\/div>\n<p>[\/vc_column_text][\/vc_column][vc_column width=\u00a0\u00bb1\/4&Prime;][vc_column_text]<\/p>\n<h3 style=\"font-weight: 400; color: #006bb5; font-family: 'Nunito Sans';\">Lantier<br \/>\n<b>Service complet sur place<\/b><\/h3>\n<p>[\/vc_column_text][vc_column_text]<\/p>\n<div class=\"page\" title=\"Page 57\">\n<div class=\"layoutArea\">\n<div class=\"column\">\n<div class=\"page\" title=\"Page 57\">\n<div class=\"layoutArea\">\n<div class=\"column\">\n<p><span style=\"font-weight: 400;\">En plus du service <strong>Onsite Plus<\/strong>, dans le cadre du service complet sur site, nos experts seront fr\u00e9quemment sur place pour v\u00e9rifier chaque position de lame, effectuer des audits et proposer et mettre en \u0153uvre en permanence des solutions innovantes pour maintenir la plus grande efficacit\u00e9 de raclage.<\/span><\/p>\n<p><span style=\"font-weight: 400;\">Les experts en racles <strong>Lantier<\/strong> assureront le suivi et la tra\u00e7abilit\u00e9 de la consommation des racles garantissant un stock continu de racles dans la papeterie.<\/span><\/p>\n<\/div>\n<\/div>\n<\/div>\n<\/div>\n<\/div>\n<\/div>\n<div id=\"gtx-trans\" style=\"position: absolute; left: 158px; top: 82px;\">\n<div class=\"gtx-trans-icon\"><\/div>\n<\/div>\n<p>[\/vc_column_text][vc_column_text css=\u00a0\u00bb.vc_custom_1702914254849{padding-right: 10px !important;padding-left: 10px !important;}\u00a0\u00bb]<\/p>\n<div style=\"background: #cccccc; padding: 10px;\">\n<h6>Advantages<\/h6>\n<ul>\n<li>Assistance d&rsquo;experts sur place.<\/li>\n<li>Audit doctorant.<\/li>\n<li>Analyse d&rsquo;usure.<\/li>\n<li>Mise en \u0153uvre du plan d&rsquo;action.<\/li>\n<li>Contr\u00f4le et tra\u00e7abilit\u00e9 des stocks de racles.<\/li>\n<li>Stock minimum dans la papeterie.<\/li>\n<li>Gestion de l&rsquo;utilisation des racles en papeterie.<\/li>\n<li>Derni\u00e8res technologies en mati\u00e8re de racles.<\/li>\n<\/ul>\n<\/div>\n<p>[\/vc_column_text][\/vc_column][\/vc_row][vc_row][vc_column][vc_empty_space height=\u00a0\u00bb60px\u00a0\u00bb][\/vc_column][\/vc_row]<\/p>\n<\/section>","protected":false},"excerpt":{"rendered":"<p>[vc_row][vc_column][vc_empty_space height=\u00a0\u00bb60px\u00a0\u00bb][\/vc_column][\/vc_row][vc_row][vc_column width=\u00a0\u00bb1\/2&Prime;][vc_column_text] Lantier: solutions, technologie et service [\/vc_column_text][vc_column_text]Chez Lantier, nous croyons que le service et le soutien \u00e0 la client\u00e8le, c&rsquo;est \u00eatre l\u00e0 quand nos clients en ont besoin, les conseiller et les accompagner dans leur prise de d\u00e9cision quant \u00e0 la meilleure solution technologique pour leur machine \u00e0 papier, avec des solutions novatrices.&hellip;<\/p>\n","protected":false},"author":3,"featured_media":0,"parent":0,"menu_order":222,"comment_status":"closed","ping_status":"closed","template":"","meta":{"footnotes":""},"class_list":["post-61733","page","type-page","status-publish","hentry","description-off"],"yoast_head":"<!-- This site is optimized with the Yoast SEO plugin v24.9 - https:\/\/yoast.com\/wordpress\/plugins\/seo\/ -->\n<title>Services - Lantier<\/title>\n<meta name=\"robots\" content=\"index, follow, max-snippet:-1, max-image-preview:large, max-video-preview:-1\" \/>\n<link rel=\"canonical\" href=\"https:\/\/lantier.solutions\/fr\/services\/\" \/>\n<meta property=\"og:locale\" content=\"fr_FR\" \/>\n<meta property=\"og:type\" content=\"article\" \/>\n<meta property=\"og:title\" content=\"Services - Lantier\" \/>\n<meta property=\"og:description\" content=\"[vc_row][vc_column][vc_empty_space height=\u00a0\u00bb60px\u00a0\u00bb][\/vc_column][\/vc_row][vc_row][vc_column width=\u00a0\u00bb1\/2&Prime;][vc_column_text] Lantier: solutions, technologie et service [\/vc_column_text][vc_column_text]Chez Lantier, nous croyons que le service et le soutien \u00e0 la client\u00e8le, c&rsquo;est \u00eatre l\u00e0 quand nos clients en ont besoin, les conseiller et les accompagner dans leur prise de d\u00e9cision quant \u00e0 la meilleure solution technologique pour leur machine \u00e0 papier, avec des solutions novatrices.&hellip;\" \/>\n<meta property=\"og:url\" content=\"https:\/\/lantier.solutions\/fr\/services\/\" \/>\n<meta property=\"og:site_name\" content=\"Lantier\" \/>\n<meta property=\"article:modified_time\" content=\"2023-12-19T10:24:36+00:00\" \/>\n<meta name=\"twitter:card\" content=\"summary_large_image\" \/>\n<meta name=\"twitter:label1\" content=\"Dur\u00e9e de lecture estim\u00e9e\" \/>\n\t<meta name=\"twitter:data1\" content=\"5 minutes\" \/>\n<script type=\"application\/ld+json\" class=\"yoast-schema-graph\">{\"@context\":\"https:\/\/schema.org\",\"@graph\":[{\"@type\":\"WebPage\",\"@id\":\"https:\/\/lantier.solutions\/fr\/services\/\",\"url\":\"https:\/\/lantier.solutions\/fr\/services\/\",\"name\":\"Services - Lantier\",\"isPartOf\":{\"@id\":\"https:\/\/lantier.solutions\/#website\"},\"datePublished\":\"2021-08-24T13:39:11+00:00\",\"dateModified\":\"2023-12-19T10:24:36+00:00\",\"breadcrumb\":{\"@id\":\"https:\/\/lantier.solutions\/fr\/services\/#breadcrumb\"},\"inLanguage\":\"fr-FR\",\"potentialAction\":[{\"@type\":\"ReadAction\",\"target\":[\"https:\/\/lantier.solutions\/fr\/services\/\"]}]},{\"@type\":\"BreadcrumbList\",\"@id\":\"https:\/\/lantier.solutions\/fr\/services\/#breadcrumb\",\"itemListElement\":[{\"@type\":\"ListItem\",\"position\":1,\"name\":\"Home\",\"item\":\"https:\/\/lantier.solutions\/fr\/\"},{\"@type\":\"ListItem\",\"position\":2,\"name\":\"Services\"}]},{\"@type\":\"WebSite\",\"@id\":\"https:\/\/lantier.solutions\/#website\",\"url\":\"https:\/\/lantier.solutions\/\",\"name\":\"Lantier\",\"description\":\"\",\"potentialAction\":[{\"@type\":\"SearchAction\",\"target\":{\"@type\":\"EntryPoint\",\"urlTemplate\":\"https:\/\/lantier.solutions\/?s={search_term_string}\"},\"query-input\":{\"@type\":\"PropertyValueSpecification\",\"valueRequired\":true,\"valueName\":\"search_term_string\"}}],\"inLanguage\":\"fr-FR\"}]}<\/script>\n<!-- \/ Yoast SEO plugin. -->","yoast_head_json":{"title":"Services - Lantier","robots":{"index":"index","follow":"follow","max-snippet":"max-snippet:-1","max-image-preview":"max-image-preview:large","max-video-preview":"max-video-preview:-1"},"canonical":"https:\/\/lantier.solutions\/fr\/services\/","og_locale":"fr_FR","og_type":"article","og_title":"Services - Lantier","og_description":"[vc_row][vc_column][vc_empty_space height=\u00a0\u00bb60px\u00a0\u00bb][\/vc_column][\/vc_row][vc_row][vc_column width=\u00a0\u00bb1\/2&Prime;][vc_column_text] Lantier: solutions, technologie et service [\/vc_column_text][vc_column_text]Chez Lantier, nous croyons que le service et le soutien \u00e0 la client\u00e8le, c&rsquo;est \u00eatre l\u00e0 quand nos clients en ont besoin, les conseiller et les accompagner dans leur prise de d\u00e9cision quant \u00e0 la meilleure solution technologique pour leur machine \u00e0 papier, avec des solutions novatrices.&hellip;","og_url":"https:\/\/lantier.solutions\/fr\/services\/","og_site_name":"Lantier","article_modified_time":"2023-12-19T10:24:36+00:00","twitter_card":"summary_large_image","twitter_misc":{"Dur\u00e9e de lecture estim\u00e9e":"5 minutes"},"schema":{"@context":"https:\/\/schema.org","@graph":[{"@type":"WebPage","@id":"https:\/\/lantier.solutions\/fr\/services\/","url":"https:\/\/lantier.solutions\/fr\/services\/","name":"Services - Lantier","isPartOf":{"@id":"https:\/\/lantier.solutions\/#website"},"datePublished":"2021-08-24T13:39:11+00:00","dateModified":"2023-12-19T10:24:36+00:00","breadcrumb":{"@id":"https:\/\/lantier.solutions\/fr\/services\/#breadcrumb"},"inLanguage":"fr-FR","potentialAction":[{"@type":"ReadAction","target":["https:\/\/lantier.solutions\/fr\/services\/"]}]},{"@type":"BreadcrumbList","@id":"https:\/\/lantier.solutions\/fr\/services\/#breadcrumb","itemListElement":[{"@type":"ListItem","position":1,"name":"Home","item":"https:\/\/lantier.solutions\/fr\/"},{"@type":"ListItem","position":2,"name":"Services"}]},{"@type":"WebSite","@id":"https:\/\/lantier.solutions\/#website","url":"https:\/\/lantier.solutions\/","name":"Lantier","description":"","potentialAction":[{"@type":"SearchAction","target":{"@type":"EntryPoint","urlTemplate":"https:\/\/lantier.solutions\/?s={search_term_string}"},"query-input":{"@type":"PropertyValueSpecification","valueRequired":true,"valueName":"search_term_string"}}],"inLanguage":"fr-FR"}]}},"_links":{"self":[{"href":"https:\/\/lantier.solutions\/fr\/wp-json\/wp\/v2\/pages\/61733","targetHints":{"allow":["GET"]}}],"collection":[{"href":"https:\/\/lantier.solutions\/fr\/wp-json\/wp\/v2\/pages"}],"about":[{"href":"https:\/\/lantier.solutions\/fr\/wp-json\/wp\/v2\/types\/page"}],"author":[{"embeddable":true,"href":"https:\/\/lantier.solutions\/fr\/wp-json\/wp\/v2\/users\/3"}],"replies":[{"embeddable":true,"href":"https:\/\/lantier.solutions\/fr\/wp-json\/wp\/v2\/comments?post=61733"}],"version-history":[{"count":9,"href":"https:\/\/lantier.solutions\/fr\/wp-json\/wp\/v2\/pages\/61733\/revisions"}],"predecessor-version":[{"id":62030,"href":"https:\/\/lantier.solutions\/fr\/wp-json\/wp\/v2\/pages\/61733\/revisions\/62030"}],"wp:attachment":[{"href":"https:\/\/lantier.solutions\/fr\/wp-json\/wp\/v2\/media?parent=61733"}],"curies":[{"name":"wp","href":"https:\/\/api.w.org\/{rel}","templated":true}]}}