{"id":61771,"date":"2021-08-16T15:34:58","date_gmt":"2021-08-16T15:34:58","guid":{"rendered":"https:\/\/lantier.solutions\/join-our-team\/"},"modified":"2023-12-18T13:27:18","modified_gmt":"2023-12-18T13:27:18","slug":"join-notre-equipe","status":"publish","type":"page","link":"https:\/\/lantier.solutions\/fr\/join-notre-equipe\/","title":{"rendered":"Join notre equipe"},"content":{"rendered":"<section class=\"wpb-content-wrapper\"><p>[vc_row css=\u00a0\u00bb.vc_custom_1632154100089{margin-top: 20px !important;margin-bottom: 60px !important;}\u00a0\u00bb][vc_column width=\u00a0\u00bb1\/4&Prime;][vc_empty_space height=\u00a0\u00bb60px\u00a0\u00bb][vc_column_text]<\/p>\n<h1><span style=\"font-weight: 400;\">Rejoignez la Ligue des champions de<\/span> <b>l&rsquo;industrie papeti\u00e8re<\/b><\/h1>\n<p>[\/vc_column_text][\/vc_column][\/vc_row][vc_row css=\u00a0\u00bb.vc_custom_1632154100089{margin-top: 20px !important;margin-bottom: 60px !important;}\u00a0\u00bb][vc_column width=\u00a0\u00bb3\/4&Prime;][vc_single_image image=\u00a0\u00bb58181&Prime; img_size=\u00a0\u00bbfull\u00a0\u00bb][\/vc_column][vc_column width=\u00a0\u00bb1\/4&Prime;][vc_column_text]En tant que leader europ\u00e9en des solutions de doctorale pour les machines \u00e0 papier, carton et tissue, nous pensons que ce que nous faisons n&rsquo;est pas moins que le meilleur service du march\u00e9.[\/vc_column_text][\/vc_column][\/vc_row][vc_row css=\u00a0\u00bb.vc_custom_1632154100089{margin-top: 20px !important;margin-bottom: 60px !important;}\u00a0\u00bb][vc_column][\/vc_column][\/vc_row][vc_row css=\u00a0\u00bb.vc_custom_1632154100089{margin-top: 20px !important;margin-bottom: 60px !important;}\u00a0\u00bb][vc_column width=\u00a0\u00bb1\/3&Prime;][vc_column_text]<\/p>\n<h2><span style=\"font-weight: 400;\">Rien de ce que nous faisons chez<\/span> Lantier ne <span style=\"font-weight: 400;\">serait possible sans notre personnel<\/span>, nos \u00e9quipes.<\/h2>\n<p>[\/vc_column_text][vc_column_text]Notre \u00e9quipe est la pierre angulaire de nos op\u00e9rations quotidiennes. Ce sont des penseurs cr\u00e9atifs qui aiment cr\u00e9er et mettre en \u0153uvre des solutions incroyables qui offrent des avantages pour les machines \u00e0 papier, carton et tissue. Et lorsque vous vous joignez \u00e0 l&rsquo;\u00e9quipe Lantier, non seulement vous vous lancez dans une nouvelle carri\u00e8re passionnante dans l&rsquo;industrie du papier, mais vous faites \u00e9galement partie d&rsquo;une famille qui vous encourage \u00e0 \u00eatre cr\u00e9atif, innovant, passionn\u00e9.[\/vc_column_text][\/vc_column][vc_column width=\u00a0\u00bb2\/3&Prime;][vc_single_image image=\u00a0\u00bb58492&Prime; img_size=\u00a0\u00bbfull\u00a0\u00bb][\/vc_column][\/vc_row][vc_row bg_type=\u00a0\u00bbbg_color\u00a0\u00bb bg_override=\u00a0\u00bbex-full\u00a0\u00bb css=\u00a0\u00bb.vc_custom_1634898759745{margin-top: 20px !important;margin-bottom: 60px !important;}\u00a0\u00bb bg_color_value=\u00a0\u00bb#cecece\u00a0\u00bb][vc_column width=\u00a0\u00bb1\/3&Prime;][\/vc_column][vc_column width=\u00a0\u00bb1\/3&Prime;][vc_empty_space height=\u00a0\u00bb60px\u00a0\u00bb][vc_column_text]<\/p>\n<h2 class=\"v1MsoNormal\" style=\"text-align: center; font-weight: 400;\">Voulez-<strong>vous<br \/>\njoindre notre \u00e9quipe?<\/strong><\/h2>\n<p>[\/vc_column_text][vc_empty_space height=\u00a0\u00bb60px\u00a0\u00bb][\/vc_column][vc_column width=\u00a0\u00bb1\/3&Prime;][\/vc_column][\/vc_row][vc_row css=\u00a0\u00bb.vc_custom_1632154100089{margin-top: 20px !important;margin-bottom: 60px !important;}\u00a0\u00bb][vc_column]<form class=\"dt-contact-form dt-form privacy-form\" method=\"post\"><input type=\"hidden\" name=\"widget_id\" value=\"presscore-contact-form-widget--1\" \/><input type=\"hidden\" name=\"send_message\" value=\"\" \/><input type=\"hidden\" name=\"security_token\" value=\"b6ff30f793bc3f219a1f\"\/><div class=\"form-fields\"><span class=\"form-name\"><label class=\"assistive-text\">Nom *<\/label><input type=\"text\" class=\"validate[required]\" placeholder=\"Nom *\" name=\"name\" value=\"\" aria-required=\"true\">\n<\/span><span class=\"form-mail\"><label class=\"assistive-text\">E-mail *<\/label><input type=\"text\" class=\"validate[required,custom[email]]\" placeholder=\"E-mail *\" name=\"email\" value=\"\" aria-required=\"true\">\n<\/span><span class=\"form-telephone\"><label class=\"assistive-text\">T\u00e9l\u00e9phone<\/label><input type=\"text\" placeholder=\"T\u00e9l\u00e9phone\" name=\"telephone\" value=\"\" aria-required=\"false\">\n<\/span><\/div><span class=\"form-message\"><label class=\"assistive-text\">Message<\/label><textarea placeholder=\"Message\" name=\"message\" rows=\"5\" aria-required=\"false\"><\/textarea>\n<\/span><p class=\"the7-form-terms-wrap\"><input type=\"checkbox\" id=\"the7-form-terms-42cd63cb189c30ed03e42ce2c069566c\" name=\"terms\" class=\"validate[required] the7-form-terms\" aria-required=\"true\" \/>&nbsp;<label for=\"the7-form-terms-42cd63cb189c30ed03e42ce2c069566c\"><span class=\"form-terms-text\">En utilisant ce formulaire, vous acceptez le stockage et le traitement de vos donn\u00e9es par ce site Web.<\/span><\/label><\/p><p><a href=\"#\" class=\"dt-btn dt-btn-m dt-btn-submit\" rel=\"nofollow\"><span>Send message<\/span><\/a><input class=\"assistive-text\" type=\"submit\" value=\"envoyer\"><\/p><\/form>\n[\/vc_column][\/vc_row]<\/p>\n<\/section>","protected":false},"excerpt":{"rendered":"<p>[vc_row css=\u00a0\u00bb.vc_custom_1632154100089{margin-top: 20px !important;margin-bottom: 60px !important;}\u00a0\u00bb][vc_column width=\u00a0\u00bb1\/4&Prime;][vc_empty_space height=\u00a0\u00bb60px\u00a0\u00bb][vc_column_text] Rejoignez la Ligue des champions de l&rsquo;industrie papeti\u00e8re [\/vc_column_text][\/vc_column][\/vc_row][vc_row css=\u00a0\u00bb.vc_custom_1632154100089{margin-top: 20px !important;margin-bottom: 60px !important;}\u00a0\u00bb][vc_column width=\u00a0\u00bb3\/4&Prime;][vc_single_image image=\u00a0\u00bb58181&Prime; img_size=\u00a0\u00bbfull\u00a0\u00bb][\/vc_column][vc_column width=\u00a0\u00bb1\/4&Prime;][vc_column_text]En tant que leader europ\u00e9en des solutions de doctorale pour les machines \u00e0 papier, carton et tissue, nous pensons que ce que nous faisons n&rsquo;est pas moins que le meilleur&hellip;<\/p>\n","protected":false},"author":3,"featured_media":0,"parent":0,"menu_order":178,"comment_status":"closed","ping_status":"closed","template":"","meta":{"footnotes":""},"class_list":["post-61771","page","type-page","status-publish","hentry","description-off"],"yoast_head":"<!-- This site is optimized with the Yoast SEO plugin v24.9 - https:\/\/yoast.com\/wordpress\/plugins\/seo\/ -->\n<title>Join notre equipe - Lantier<\/title>\n<meta name=\"robots\" content=\"index, follow, max-snippet:-1, max-image-preview:large, max-video-preview:-1\" \/>\n<link rel=\"canonical\" href=\"https:\/\/lantier.solutions\/fr\/join-notre-equipe\/\" \/>\n<meta property=\"og:locale\" content=\"fr_FR\" \/>\n<meta property=\"og:type\" content=\"article\" \/>\n<meta property=\"og:title\" content=\"Join notre equipe - Lantier\" \/>\n<meta property=\"og:description\" content=\"[vc_row css=\u00a0\u00bb.vc_custom_1632154100089{margin-top: 20px !important;margin-bottom: 60px !important;}\u00a0\u00bb][vc_column width=\u00a0\u00bb1\/4&Prime;][vc_empty_space height=\u00a0\u00bb60px\u00a0\u00bb][vc_column_text] Rejoignez la Ligue des champions de l&rsquo;industrie papeti\u00e8re [\/vc_column_text][\/vc_column][\/vc_row][vc_row css=\u00a0\u00bb.vc_custom_1632154100089{margin-top: 20px !important;margin-bottom: 60px !important;}\u00a0\u00bb][vc_column width=\u00a0\u00bb3\/4&Prime;][vc_single_image image=\u00a0\u00bb58181&Prime; img_size=\u00a0\u00bbfull\u00a0\u00bb][\/vc_column][vc_column width=\u00a0\u00bb1\/4&Prime;][vc_column_text]En tant que leader europ\u00e9en des solutions de doctorale pour les machines \u00e0 papier, carton et tissue, nous pensons que ce que nous faisons n&rsquo;est pas moins que le meilleur&hellip;\" \/>\n<meta property=\"og:url\" content=\"https:\/\/lantier.solutions\/fr\/join-notre-equipe\/\" \/>\n<meta property=\"og:site_name\" content=\"Lantier\" \/>\n<meta property=\"article:modified_time\" content=\"2023-12-18T13:27:18+00:00\" \/>\n<meta name=\"twitter:card\" content=\"summary_large_image\" \/>\n<meta name=\"twitter:label1\" content=\"Dur\u00e9e de lecture estim\u00e9e\" \/>\n\t<meta name=\"twitter:data1\" content=\"2 minutes\" \/>\n<script type=\"application\/ld+json\" class=\"yoast-schema-graph\">{\"@context\":\"https:\/\/schema.org\",\"@graph\":[{\"@type\":\"WebPage\",\"@id\":\"https:\/\/lantier.solutions\/fr\/join-notre-equipe\/\",\"url\":\"https:\/\/lantier.solutions\/fr\/join-notre-equipe\/\",\"name\":\"Join notre equipe - Lantier\",\"isPartOf\":{\"@id\":\"https:\/\/lantier.solutions\/#website\"},\"datePublished\":\"2021-08-16T15:34:58+00:00\",\"dateModified\":\"2023-12-18T13:27:18+00:00\",\"breadcrumb\":{\"@id\":\"https:\/\/lantier.solutions\/fr\/join-notre-equipe\/#breadcrumb\"},\"inLanguage\":\"fr-FR\",\"potentialAction\":[{\"@type\":\"ReadAction\",\"target\":[\"https:\/\/lantier.solutions\/fr\/join-notre-equipe\/\"]}]},{\"@type\":\"BreadcrumbList\",\"@id\":\"https:\/\/lantier.solutions\/fr\/join-notre-equipe\/#breadcrumb\",\"itemListElement\":[{\"@type\":\"ListItem\",\"position\":1,\"name\":\"Home\",\"item\":\"https:\/\/lantier.solutions\/fr\/\"},{\"@type\":\"ListItem\",\"position\":2,\"name\":\"Join notre equipe\"}]},{\"@type\":\"WebSite\",\"@id\":\"https:\/\/lantier.solutions\/#website\",\"url\":\"https:\/\/lantier.solutions\/\",\"name\":\"Lantier\",\"description\":\"\",\"potentialAction\":[{\"@type\":\"SearchAction\",\"target\":{\"@type\":\"EntryPoint\",\"urlTemplate\":\"https:\/\/lantier.solutions\/?s={search_term_string}\"},\"query-input\":{\"@type\":\"PropertyValueSpecification\",\"valueRequired\":true,\"valueName\":\"search_term_string\"}}],\"inLanguage\":\"fr-FR\"}]}<\/script>\n<!-- \/ Yoast SEO plugin. -->","yoast_head_json":{"title":"Join notre equipe - Lantier","robots":{"index":"index","follow":"follow","max-snippet":"max-snippet:-1","max-image-preview":"max-image-preview:large","max-video-preview":"max-video-preview:-1"},"canonical":"https:\/\/lantier.solutions\/fr\/join-notre-equipe\/","og_locale":"fr_FR","og_type":"article","og_title":"Join notre equipe - Lantier","og_description":"[vc_row css=\u00a0\u00bb.vc_custom_1632154100089{margin-top: 20px !important;margin-bottom: 60px !important;}\u00a0\u00bb][vc_column width=\u00a0\u00bb1\/4&Prime;][vc_empty_space height=\u00a0\u00bb60px\u00a0\u00bb][vc_column_text] Rejoignez la Ligue des champions de l&rsquo;industrie papeti\u00e8re [\/vc_column_text][\/vc_column][\/vc_row][vc_row css=\u00a0\u00bb.vc_custom_1632154100089{margin-top: 20px !important;margin-bottom: 60px !important;}\u00a0\u00bb][vc_column width=\u00a0\u00bb3\/4&Prime;][vc_single_image image=\u00a0\u00bb58181&Prime; img_size=\u00a0\u00bbfull\u00a0\u00bb][\/vc_column][vc_column width=\u00a0\u00bb1\/4&Prime;][vc_column_text]En tant que leader europ\u00e9en des solutions de doctorale pour les machines \u00e0 papier, carton et tissue, nous pensons que ce que nous faisons n&rsquo;est pas moins que le meilleur&hellip;","og_url":"https:\/\/lantier.solutions\/fr\/join-notre-equipe\/","og_site_name":"Lantier","article_modified_time":"2023-12-18T13:27:18+00:00","twitter_card":"summary_large_image","twitter_misc":{"Dur\u00e9e de lecture estim\u00e9e":"2 minutes"},"schema":{"@context":"https:\/\/schema.org","@graph":[{"@type":"WebPage","@id":"https:\/\/lantier.solutions\/fr\/join-notre-equipe\/","url":"https:\/\/lantier.solutions\/fr\/join-notre-equipe\/","name":"Join notre equipe - Lantier","isPartOf":{"@id":"https:\/\/lantier.solutions\/#website"},"datePublished":"2021-08-16T15:34:58+00:00","dateModified":"2023-12-18T13:27:18+00:00","breadcrumb":{"@id":"https:\/\/lantier.solutions\/fr\/join-notre-equipe\/#breadcrumb"},"inLanguage":"fr-FR","potentialAction":[{"@type":"ReadAction","target":["https:\/\/lantier.solutions\/fr\/join-notre-equipe\/"]}]},{"@type":"BreadcrumbList","@id":"https:\/\/lantier.solutions\/fr\/join-notre-equipe\/#breadcrumb","itemListElement":[{"@type":"ListItem","position":1,"name":"Home","item":"https:\/\/lantier.solutions\/fr\/"},{"@type":"ListItem","position":2,"name":"Join notre equipe"}]},{"@type":"WebSite","@id":"https:\/\/lantier.solutions\/#website","url":"https:\/\/lantier.solutions\/","name":"Lantier","description":"","potentialAction":[{"@type":"SearchAction","target":{"@type":"EntryPoint","urlTemplate":"https:\/\/lantier.solutions\/?s={search_term_string}"},"query-input":{"@type":"PropertyValueSpecification","valueRequired":true,"valueName":"search_term_string"}}],"inLanguage":"fr-FR"}]}},"_links":{"self":[{"href":"https:\/\/lantier.solutions\/fr\/wp-json\/wp\/v2\/pages\/61771","targetHints":{"allow":["GET"]}}],"collection":[{"href":"https:\/\/lantier.solutions\/fr\/wp-json\/wp\/v2\/pages"}],"about":[{"href":"https:\/\/lantier.solutions\/fr\/wp-json\/wp\/v2\/types\/page"}],"author":[{"embeddable":true,"href":"https:\/\/lantier.solutions\/fr\/wp-json\/wp\/v2\/users\/3"}],"replies":[{"embeddable":true,"href":"https:\/\/lantier.solutions\/fr\/wp-json\/wp\/v2\/comments?post=61771"}],"version-history":[{"count":4,"href":"https:\/\/lantier.solutions\/fr\/wp-json\/wp\/v2\/pages\/61771\/revisions"}],"predecessor-version":[{"id":61812,"href":"https:\/\/lantier.solutions\/fr\/wp-json\/wp\/v2\/pages\/61771\/revisions\/61812"}],"wp:attachment":[{"href":"https:\/\/lantier.solutions\/fr\/wp-json\/wp\/v2\/media?parent=61771"}],"curies":[{"name":"wp","href":"https:\/\/api.w.org\/{rel}","templated":true}]}}