{"id":62297,"date":"2025-03-14T12:59:26","date_gmt":"2025-03-14T12:59:26","guid":{"rendered":"https:\/\/lantier.solutions\/iblade\/"},"modified":"2025-03-14T13:29:49","modified_gmt":"2025-03-14T13:29:49","slug":"iblade","status":"publish","type":"page","link":"https:\/\/lantier.solutions\/fr\/iblade\/","title":{"rendered":"Iblade"},"content":{"rendered":"<section class=\"wpb-content-wrapper\"><p>[vc_row][vc_column][vc_column_text]<b>Innovaci\u00f3n para la Eficiencia y Sostenibilidad en la Industria Papelera<\/b><\/p>\n<p><span style=\"font-weight: 400;\">En el marco de nuestra estrategia de I+D+i, hemos puesto en marcha el proyecto iBLADE, una iniciativa orientada a la optimizaci\u00f3n del proceso de limpieza de rodillos en la fabricaci\u00f3n de papel. Este desarrollo se centra en la implementaci\u00f3n de tecnolog\u00edas avanzadas para mejorar la eficiencia operativa, reducir el impacto ambiental y minimizar el desgaste de los componentes clave de la m\u00e1quina.<\/span><\/p>\n<p><span style=\"font-weight: 400;\">iBLADE aborda uno de los desaf\u00edos recurrentes en la industria papelera: el mantenimiento eficiente del sistema de limpieza de rodillos, un factor determinante para la calidad del proceso productivo y la sostenibilidad del mismo.\u00a0<\/span>[\/vc_column_text][\/vc_column][\/vc_row][vc_row][vc_column][vc_single_image image=\u00a0\u00bb62289&Prime; img_size=\u00a0\u00bbfull\u00a0\u00bb][\/vc_column][\/vc_row][vc_row][vc_column][vc_column_text]<span style=\"font-weight: 400;\">La combinaci\u00f3n de sensores avanzados y algoritmos inteligentes nos permitir\u00e1 desarrollar un sistema de monitoreo en tiempo real, capaz de prever y corregir condiciones cr\u00edticas antes de que afecten la producci\u00f3n.\u00a0<\/span><\/p>\n<p><span style=\"font-weight: 400;\">Este proyecto est\u00e1 cofinanciado a trav\u00e9s del PROGRAMA DE AYUDAS DE APOYO A LA I+D EMPRESARIAL \u2013 HAZITEK, que cuenta con el apoyo del Gobierno Vasco y de la Uni\u00f3n Europea a trav\u00e9s del Fondo Europeo de Desarrollo Regional (FEDER) 2021-2027. Gracias a esta colaboraci\u00f3n, reforzamos nuestro compromiso con la innovaci\u00f3n y la sostenibilidad, alineando nuestros desarrollos con las demandas actuales del sector y contribuyendo a la mejora de la competitividad industrial.<\/span><\/p>\n<p><span style=\"font-weight: 400;\">Con iBLADE, avanzamos en la digitalizaci\u00f3n y optimizaci\u00f3n de procesos clave en la industria papelera, consolidando nuestra posici\u00f3n como l\u00edderes en soluciones tecnol\u00f3gicas de alto valor a\u00f1adido.<\/span>[\/vc_column_text][\/vc_column][\/vc_row][vc_row][vc_column][vc_single_image image=\u00a0\u00bb62285&Prime; img_size=\u00a0\u00bbfull\u00a0\u00bb][\/vc_column][\/vc_row]<\/p>\n<\/section>","protected":false},"excerpt":{"rendered":"<p>[vc_row][vc_column][vc_column_text]Innovaci\u00f3n para la Eficiencia y Sostenibilidad en la Industria Papelera En el marco de nuestra estrategia de I+D+i, hemos puesto en marcha el proyecto iBLADE, una iniciativa orientada a la optimizaci\u00f3n del proceso de limpieza de rodillos en la fabricaci\u00f3n de papel. Este desarrollo se centra en la implementaci\u00f3n de tecnolog\u00edas avanzadas para mejorar la&hellip;<\/p>\n","protected":false},"author":2,"featured_media":0,"parent":0,"menu_order":3,"comment_status":"closed","ping_status":"closed","template":"","meta":{"footnotes":""},"class_list":["post-62297","page","type-page","status-publish","hentry","description-off"],"yoast_head":"<!-- This site is optimized with the Yoast SEO plugin v24.9 - https:\/\/yoast.com\/wordpress\/plugins\/seo\/ -->\n<title>Iblade - Lantier<\/title>\n<meta name=\"robots\" content=\"index, follow, max-snippet:-1, max-image-preview:large, max-video-preview:-1\" \/>\n<link rel=\"canonical\" href=\"https:\/\/lantier.solutions\/es\/iblade\/\" \/>\n<meta property=\"og:locale\" content=\"fr_FR\" \/>\n<meta property=\"og:type\" content=\"article\" \/>\n<meta property=\"og:title\" content=\"Iblade - Lantier\" \/>\n<meta property=\"og:description\" content=\"[vc_row][vc_column][vc_column_text]Innovaci\u00f3n para la Eficiencia y Sostenibilidad en la Industria Papelera En el marco de nuestra estrategia de I+D+i, hemos puesto en marcha el proyecto iBLADE, una iniciativa orientada a la optimizaci\u00f3n del proceso de limpieza de rodillos en la fabricaci\u00f3n de papel. Este desarrollo se centra en la implementaci\u00f3n de tecnolog\u00edas avanzadas para mejorar la&hellip;\" \/>\n<meta property=\"og:url\" content=\"https:\/\/lantier.solutions\/es\/iblade\/\" \/>\n<meta property=\"og:site_name\" content=\"Lantier\" \/>\n<meta property=\"article:modified_time\" content=\"2025-03-14T13:29:49+00:00\" \/>\n<meta name=\"twitter:card\" content=\"summary_large_image\" \/>\n<meta name=\"twitter:label1\" content=\"Dur\u00e9e de lecture estim\u00e9e\" \/>\n\t<meta name=\"twitter:data1\" content=\"2 minutes\" \/>\n<script type=\"application\/ld+json\" class=\"yoast-schema-graph\">{\"@context\":\"https:\/\/schema.org\",\"@graph\":[{\"@type\":\"WebPage\",\"@id\":\"https:\/\/lantier.solutions\/es\/iblade\/\",\"url\":\"https:\/\/lantier.solutions\/es\/iblade\/\",\"name\":\"Iblade - Lantier\",\"isPartOf\":{\"@id\":\"https:\/\/lantier.solutions\/#website\"},\"datePublished\":\"2025-03-14T12:59:26+00:00\",\"dateModified\":\"2025-03-14T13:29:49+00:00\",\"breadcrumb\":{\"@id\":\"https:\/\/lantier.solutions\/es\/iblade\/#breadcrumb\"},\"inLanguage\":\"fr-FR\",\"potentialAction\":[{\"@type\":\"ReadAction\",\"target\":[\"https:\/\/lantier.solutions\/es\/iblade\/\"]}]},{\"@type\":\"BreadcrumbList\",\"@id\":\"https:\/\/lantier.solutions\/es\/iblade\/#breadcrumb\",\"itemListElement\":[{\"@type\":\"ListItem\",\"position\":1,\"name\":\"Home\",\"item\":\"https:\/\/lantier.solutions\/fr\/\"},{\"@type\":\"ListItem\",\"position\":2,\"name\":\"Iblade\"}]},{\"@type\":\"WebSite\",\"@id\":\"https:\/\/lantier.solutions\/#website\",\"url\":\"https:\/\/lantier.solutions\/\",\"name\":\"Lantier\",\"description\":\"\",\"potentialAction\":[{\"@type\":\"SearchAction\",\"target\":{\"@type\":\"EntryPoint\",\"urlTemplate\":\"https:\/\/lantier.solutions\/?s={search_term_string}\"},\"query-input\":{\"@type\":\"PropertyValueSpecification\",\"valueRequired\":true,\"valueName\":\"search_term_string\"}}],\"inLanguage\":\"fr-FR\"}]}<\/script>\n<!-- \/ Yoast SEO plugin. -->","yoast_head_json":{"title":"Iblade - Lantier","robots":{"index":"index","follow":"follow","max-snippet":"max-snippet:-1","max-image-preview":"max-image-preview:large","max-video-preview":"max-video-preview:-1"},"canonical":"https:\/\/lantier.solutions\/es\/iblade\/","og_locale":"fr_FR","og_type":"article","og_title":"Iblade - Lantier","og_description":"[vc_row][vc_column][vc_column_text]Innovaci\u00f3n para la Eficiencia y Sostenibilidad en la Industria Papelera En el marco de nuestra estrategia de I+D+i, hemos puesto en marcha el proyecto iBLADE, una iniciativa orientada a la optimizaci\u00f3n del proceso de limpieza de rodillos en la fabricaci\u00f3n de papel. Este desarrollo se centra en la implementaci\u00f3n de tecnolog\u00edas avanzadas para mejorar la&hellip;","og_url":"https:\/\/lantier.solutions\/es\/iblade\/","og_site_name":"Lantier","article_modified_time":"2025-03-14T13:29:49+00:00","twitter_card":"summary_large_image","twitter_misc":{"Dur\u00e9e de lecture estim\u00e9e":"2 minutes"},"schema":{"@context":"https:\/\/schema.org","@graph":[{"@type":"WebPage","@id":"https:\/\/lantier.solutions\/es\/iblade\/","url":"https:\/\/lantier.solutions\/es\/iblade\/","name":"Iblade - Lantier","isPartOf":{"@id":"https:\/\/lantier.solutions\/#website"},"datePublished":"2025-03-14T12:59:26+00:00","dateModified":"2025-03-14T13:29:49+00:00","breadcrumb":{"@id":"https:\/\/lantier.solutions\/es\/iblade\/#breadcrumb"},"inLanguage":"fr-FR","potentialAction":[{"@type":"ReadAction","target":["https:\/\/lantier.solutions\/es\/iblade\/"]}]},{"@type":"BreadcrumbList","@id":"https:\/\/lantier.solutions\/es\/iblade\/#breadcrumb","itemListElement":[{"@type":"ListItem","position":1,"name":"Home","item":"https:\/\/lantier.solutions\/fr\/"},{"@type":"ListItem","position":2,"name":"Iblade"}]},{"@type":"WebSite","@id":"https:\/\/lantier.solutions\/#website","url":"https:\/\/lantier.solutions\/","name":"Lantier","description":"","potentialAction":[{"@type":"SearchAction","target":{"@type":"EntryPoint","urlTemplate":"https:\/\/lantier.solutions\/?s={search_term_string}"},"query-input":{"@type":"PropertyValueSpecification","valueRequired":true,"valueName":"search_term_string"}}],"inLanguage":"fr-FR"}]}},"_links":{"self":[{"href":"https:\/\/lantier.solutions\/fr\/wp-json\/wp\/v2\/pages\/62297","targetHints":{"allow":["GET"]}}],"collection":[{"href":"https:\/\/lantier.solutions\/fr\/wp-json\/wp\/v2\/pages"}],"about":[{"href":"https:\/\/lantier.solutions\/fr\/wp-json\/wp\/v2\/types\/page"}],"author":[{"embeddable":true,"href":"https:\/\/lantier.solutions\/fr\/wp-json\/wp\/v2\/users\/2"}],"replies":[{"embeddable":true,"href":"https:\/\/lantier.solutions\/fr\/wp-json\/wp\/v2\/comments?post=62297"}],"version-history":[{"count":1,"href":"https:\/\/lantier.solutions\/fr\/wp-json\/wp\/v2\/pages\/62297\/revisions"}],"predecessor-version":[{"id":62300,"href":"https:\/\/lantier.solutions\/fr\/wp-json\/wp\/v2\/pages\/62297\/revisions\/62300"}],"wp:attachment":[{"href":"https:\/\/lantier.solutions\/fr\/wp-json\/wp\/v2\/media?parent=62297"}],"curies":[{"name":"wp","href":"https:\/\/api.w.org\/{rel}","templated":true}]}}